{"id":13640,"date":"2024-03-21T14:54:47","date_gmt":"2024-03-21T14:54:47","guid":{"rendered":"https:\/\/www.hotelpraktikvinoteca.com\/?page_id=13640"},"modified":"2025-10-10T12:12:40","modified_gmt":"2025-10-10T12:12:40","slug":"la-vinoteca","status":"publish","type":"page","link":"https:\/\/www.hotelpraktikvinoteca.com\/ca\/hotel-a-barcelona\/la-vinoteca\/","title":{"rendered":"La Vinoteca"},"content":{"rendered":"<h1 style=\"text-align: center;\">La Vinoteca<\/h1>\n<p style=\"text-align: center;\">Gaudeix de l&#8217;experi\u00e8ncia Praktik Vinoteca al complet amb un dels nostres tasts. De la nostra selecci\u00f3 de vins un expert somellier us ensenyar\u00e0 els secrets de diferents denominacions d&#8217;origen, regions i tipologies. Escull el teu tast preferit i submergeix-te com un expert al m\u00f3n vin\u00edcola.<\/p>\n<p style=\"text-align: center;\">Els nostres tasts<\/p>\n<p><span style=\"\"><img decoding=\"async\" alt=\"\" data-id=\"13589\" width=\"416\" data-init-width=\"850\" height=\"392\" data-init-height=\"800\" title=\"VINOS CATALANES\" loading=\"lazy\" src=\"https:\/\/www.hotelpraktikvinoteca.com\/wp-content\/uploads\/sites\/20\/VINOS-CATALANES.webp\" data-width=\"416\" data-height=\"392\" style=\"aspect-ratio: auto 850 \/ 800;\" mt-d=\"0\" center-v-d=\"false\" ml-d=\"0\" mt-m=\"0\" ml-m=\"0\" center-v-m=\"false\"><span style=\"\"><\/span><\/span><\/p>\n<h3>Tradici\u00f3 vitivin\u00edcola de DO<\/h3>\n<p style=\"\">Si ets un amant del vi, no et pots perdre les grans denominacions d&#8217;origen nacionals. Gaudeix del nostre tast de 4 vins seleccionats per sommeliers i descobreix les joies del pa\u00eds.<\/p>\n<p><span style=\"\"><img decoding=\"async\" alt=\"\" data-id=\"13582\" width=\"416\" data-init-width=\"800\" height=\"392\" data-init-height=\"534\" title=\"MARIDAJE\" loading=\"lazy\" src=\"https:\/\/www.hotelpraktikvinoteca.com\/wp-content\/uploads\/sites\/20\/MARIDAJE-1.jpg\" data-width=\"416\" data-height=\"392\" style=\"aspect-ratio: auto 800 \/ 534;\" mt-d=\"0\" center-v-d=\"false\" ml-d=\"0\" mt-m=\"0\" ml-m=\"0\" center-v-m=\"false\"><span style=\"\"><\/span><\/span><\/p>\n<h3 style=\"\">Maridatge: una experi\u00e8ncia sensorial<\/h3>\n<p style=\"font-size: 16px !important;\">Recorre Espanya amb 5 sentits, 5 vins i 5 productes d&#8217;origen nacional. Descobreix els sabors, els matisos i els secrets que hi ha darrere d&#8217;un bon vi.<\/p>\n<p style=\"font-size: 16px !important;\">\n<p><span style=\"\"><img decoding=\"async\" alt=\"\" data-id=\"13568\" width=\"416\" data-init-width=\"720\" height=\"392\" data-init-height=\"524\" title=\"ESPUMOSOS CATALANES\" loading=\"lazy\" src=\"https:\/\/www.hotelpraktikvinoteca.com\/wp-content\/uploads\/sites\/20\/ESPUMOSOS-CATALANES.jpg\" data-width=\"416\" data-height=\"392\" style=\"aspect-ratio: auto 720 \/ 524;\" mt-d=\"0\" center-v-d=\"false\" ml-d=\"0\" mt-m=\"0\" ml-m=\"0\" center-v-m=\"false\"><span style=\"\"><\/span><\/span><\/p>\n<h3 style=\"\">Tast amb espurna<\/h3>\n<p style=\"font-size: 16px !important;\">Gaudeix de 4 vins escumosos catalans on podr\u00e0s degustar Cava, Corpinat, Classic Pened\u00e8s i Ancestral. Aprofundeix en el coneixement dels vins escumosos.<\/p>\n<p style=\"text-align: center;\">&#8230;per a Grups &amp; Teambuilding<\/p>\n<p><span style=\"\"><img decoding=\"async\" alt=\"\" data-id=\"13628\" width=\"416\" data-init-width=\"1023\" height=\"312\" data-init-height=\"768\" title=\"blind tasting\" loading=\"lazy\" src=\"https:\/\/www.hotelpraktikvinoteca.com\/wp-content\/uploads\/sites\/20\/blind-tasting.jpg\" data-width=\"416\" data-height=\"312\" style=\"aspect-ratio: auto 1023 \/ 768;\" mt-d=\"-3\" center-v-d=\"false\" ml-d=\"0\" mt-m=\"0\" ml-m=\"0\" center-v-m=\"false\"><span style=\"\"><\/span><\/span><\/p>\n<h3 style=\"\">Tast a cegues<\/h3>\n<p style=\"font-size: 16px !important;\">\u00c9s un bon passatemps i entrenament de les papil\u00b7les gustatives per als amants del vi, independentment del nivell professional de cada participant.<\/p>\n<p><span style=\"\"><img decoding=\"async\" alt=\"\" data-id=\"13615\" width=\"416\" data-init-width=\"1024\" height=\"312\" data-init-height=\"768\" title=\"wine quiz\" loading=\"lazy\" src=\"https:\/\/www.hotelpraktikvinoteca.com\/wp-content\/uploads\/sites\/20\/wine-quiz.jpg\" data-width=\"416\" data-height=\"312\" style=\"aspect-ratio: auto 1024 \/ 768;\" mt-d=\"-3\" center-v-d=\"false\" ml-d=\"0\" mt-m=\"0\" ml-m=\"0\" center-v-m=\"false\"><span style=\"\"><\/span><\/span><\/p>\n<h3 style=\"\">Wine quiz<\/h3>\n<p>Quan saps sobre vi? Per equips de 2-6 persones respondreu el m\u00e0xim de preguntes per convertir-vos en els guanyadors del concurs i emportar-vos el premi.<\/p>\n<p><span style=\"\"><img decoding=\"async\" alt=\"\" data-id=\"13622\" width=\"416\" data-init-width=\"800\" height=\"312\" data-init-height=\"600\" title=\"wine-school\" loading=\"lazy\" src=\"https:\/\/www.hotelpraktikvinoteca.com\/wp-content\/uploads\/sites\/20\/wine-school.jpg\" data-width=\"416\" data-height=\"312\" style=\"aspect-ratio: auto 800 \/ 600;\" mt-d=\"-3\" center-v-d=\"false\" ml-d=\"0\" mt-m=\"0\" ml-m=\"0\" center-v-m=\"false\"><span style=\"\"><\/span><\/span><\/p>\n<h3 style=\"\">Escola de vi<\/h3>\n<p style=\"font-size: 16px !important;\">Apr\u00e8n en profunditat i grup sobre el m\u00f3n del vi. Coneix varietats i cellers de diferents zones i denominacions d&#8217;origen per convertir-te en un petit expert.<\/p>\n<p style=\"text-align: center;\">We are Barcelona<\/p>\n<p style=\"text-align: center;\">We are Barcelona<\/p>\n<p style=\"\">We are Barcelona<\/p>\n","protected":false},"excerpt":{"rendered":"<p>La Vinoteca Gaudeix de l&#8217;experi\u00e8ncia Praktik Vinoteca al complet amb un dels nostres tasts. De la nostra selecci\u00f3 de vins un expert somellier us ensenyar\u00e0 els secrets de diferents denominacions d&#8217;origen, regions i tipologies. Escull el teu tast preferit i submergeix-te com un expert al m\u00f3n vin\u00edcola. Els nostres tasts Tradici\u00f3 vitivin\u00edcola de DO Si [&hellip;]<\/p>\n","protected":false},"author":8,"featured_media":11562,"parent":7564,"menu_order":0,"comment_status":"closed","ping_status":"closed","template":"","meta":{"inline_featured_image":false,"footnotes":""},"class_list":["post-13640","page","type-page","status-publish","has-post-thumbnail","hentry","post-wrapper","thrv_wrapper"],"yoast_head":"<!-- This site is optimized with the Yoast SEO plugin v23.2 - https:\/\/yoast.com\/wordpress\/plugins\/seo\/ -->\n<title>La Vinoteca - Hotel Praktik Vinoteca<\/title>\n<meta name=\"description\" content=\"Gaudeix de l&#039;experi\u00e8ncia Praktik Vinoteca al complet amb un dels nostres tasts i activitats de grup relacionats amb el m\u00f3n del vi.\" \/>\n<meta name=\"robots\" content=\"index, follow, max-snippet:-1, max-image-preview:large, max-video-preview:-1\" \/>\n<link rel=\"canonical\" href=\"https:\/\/www.hotelpraktikvinoteca.com\/ca\/hotel-a-barcelona\/la-vinoteca\/\" \/>\n<meta property=\"og:locale\" content=\"ca_ES\" \/>\n<meta property=\"og:type\" content=\"article\" \/>\n<meta property=\"og:title\" content=\"Servicios - Hotel Praktik Vinoteca\" \/>\n<meta property=\"og:description\" content=\"Encuentra en hotel Praktik Vinoteca todos los servicios que necesitas para disfrutar de una estancia por la ciudad tal y como deseas. \u00a1Reserva ahora!\" \/>\n<meta property=\"og:url\" content=\"https:\/\/www.hotelpraktikvinoteca.com\/ca\/hotel-a-barcelona\/la-vinoteca\/\" \/>\n<meta property=\"og:site_name\" content=\"Hotel Praktik Vinoteca\" \/>\n<meta property=\"article:publisher\" content=\"https:\/\/www.facebook.com\/praktikhotels\/\" \/>\n<meta property=\"article:modified_time\" content=\"2025-10-10T12:12:40+00:00\" \/>\n<meta property=\"og:image\" content=\"https:\/\/www.hotelpraktikvinoteca.com\/wp-content\/uploads\/sites\/20\/HOTEL-PRAKTIK-VINOTECA-BARCELONA-ENTRADA.jpg\" \/>\n\t<meta property=\"og:image:width\" content=\"540\" \/>\n\t<meta property=\"og:image:height\" content=\"540\" \/>\n\t<meta property=\"og:image:type\" content=\"image\/jpeg\" \/>\n<meta name=\"twitter:card\" content=\"summary_large_image\" \/>\n<meta name=\"twitter:title\" content=\"Servicios - Hotel Praktik Vinoteca\" \/>\n<meta name=\"twitter:description\" content=\"Encuentra en hotel Praktik Vinoteca todos los servicios que necesitas para disfrutar de una estancia por la ciudad tal y como deseas. \u00a1Reserva ahora!\" \/>\n<meta name=\"twitter:site\" content=\"@praktikhotels\" \/>\n<meta name=\"twitter:label1\" content=\"Temps estimat de lectura\" \/>\n\t<meta name=\"twitter:data1\" content=\"3 minuts\" \/>\n<script type=\"application\/ld+json\" class=\"yoast-schema-graph\">{\"@context\":\"https:\/\/schema.org\",\"@graph\":[{\"@type\":\"Article\",\"@id\":\"https:\/\/www.hotelpraktikvinoteca.com\/ca\/hotel-a-barcelona\/la-vinoteca\/#article\",\"isPartOf\":{\"@id\":\"https:\/\/www.hotelpraktikvinoteca.com\/ca\/hotel-a-barcelona\/la-vinoteca\/\"},\"author\":{\"name\":\"rafael\",\"@id\":\"\/#\/schema\/person\/61e004cfc07e8b9ece2c609d802040a8\"},\"headline\":\"La Vinoteca\",\"datePublished\":\"2024-03-21T14:54:47+00:00\",\"dateModified\":\"2025-10-10T12:12:40+00:00\",\"mainEntityOfPage\":{\"@id\":\"https:\/\/www.hotelpraktikvinoteca.com\/ca\/hotel-a-barcelona\/la-vinoteca\/\"},\"wordCount\":251,\"publisher\":{\"@id\":\"\/#organization\"},\"image\":{\"@id\":\"https:\/\/www.hotelpraktikvinoteca.com\/ca\/hotel-a-barcelona\/la-vinoteca\/#primaryimage\"},\"thumbnailUrl\":\"https:\/\/www.hotelpraktikvinoteca.com\/wp-content\/uploads\/sites\/20\/HOTEL-PRAKTIK-VINOTECA-BARCELONA-ENTRADA.jpg\",\"inLanguage\":\"ca\"},{\"@type\":\"WebPage\",\"@id\":\"https:\/\/www.hotelpraktikvinoteca.com\/ca\/hotel-a-barcelona\/la-vinoteca\/\",\"url\":\"https:\/\/www.hotelpraktikvinoteca.com\/ca\/hotel-a-barcelona\/la-vinoteca\/\",\"name\":\"La Vinoteca - Hotel Praktik Vinoteca\",\"isPartOf\":{\"@id\":\"\/#website\"},\"primaryImageOfPage\":{\"@id\":\"https:\/\/www.hotelpraktikvinoteca.com\/ca\/hotel-a-barcelona\/la-vinoteca\/#primaryimage\"},\"image\":{\"@id\":\"https:\/\/www.hotelpraktikvinoteca.com\/ca\/hotel-a-barcelona\/la-vinoteca\/#primaryimage\"},\"thumbnailUrl\":\"https:\/\/www.hotelpraktikvinoteca.com\/wp-content\/uploads\/sites\/20\/HOTEL-PRAKTIK-VINOTECA-BARCELONA-ENTRADA.jpg\",\"datePublished\":\"2024-03-21T14:54:47+00:00\",\"dateModified\":\"2025-10-10T12:12:40+00:00\",\"description\":\"Gaudeix de l'experi\u00e8ncia Praktik Vinoteca al complet amb un dels nostres tasts i activitats de grup relacionats amb el m\u00f3n del vi.\",\"breadcrumb\":{\"@id\":\"https:\/\/www.hotelpraktikvinoteca.com\/ca\/hotel-a-barcelona\/la-vinoteca\/#breadcrumb\"},\"inLanguage\":\"ca\",\"potentialAction\":[{\"@type\":\"ReadAction\",\"target\":[\"https:\/\/www.hotelpraktikvinoteca.com\/ca\/hotel-a-barcelona\/la-vinoteca\/\"]}]},{\"@type\":\"ImageObject\",\"inLanguage\":\"ca\",\"@id\":\"https:\/\/www.hotelpraktikvinoteca.com\/ca\/hotel-a-barcelona\/la-vinoteca\/#primaryimage\",\"url\":\"https:\/\/www.hotelpraktikvinoteca.com\/wp-content\/uploads\/sites\/20\/HOTEL-PRAKTIK-VINOTECA-BARCELONA-ENTRADA.jpg\",\"contentUrl\":\"https:\/\/www.hotelpraktikvinoteca.com\/wp-content\/uploads\/sites\/20\/HOTEL-PRAKTIK-VINOTECA-BARCELONA-ENTRADA.jpg\",\"width\":540,\"height\":540,\"caption\":\"HOTEL-PRAKTIK-VINOTECA-BARCELONA-ENTRADA\"},{\"@type\":\"BreadcrumbList\",\"@id\":\"https:\/\/www.hotelpraktikvinoteca.com\/ca\/hotel-a-barcelona\/la-vinoteca\/#breadcrumb\",\"itemListElement\":[{\"@type\":\"ListItem\",\"position\":1,\"name\":\"Portada\",\"item\":\"https:\/\/www.hotelpraktikvinoteca.com\/ca\/\"},{\"@type\":\"ListItem\",\"position\":2,\"name\":\"Hotel a Barcelona\",\"item\":\"https:\/\/www.hotelpraktikvinoteca.com\/ca\/\"},{\"@type\":\"ListItem\",\"position\":3,\"name\":\"La Vinoteca\"}]},{\"@type\":\"WebSite\",\"@id\":\"\/#website\",\"url\":\"\/\",\"name\":\"Hotel Praktik Vinoteca\",\"description\":\"Un hotel con sabor a vino\",\"publisher\":{\"@id\":\"\/#organization\"},\"potentialAction\":[{\"@type\":\"SearchAction\",\"target\":{\"@type\":\"EntryPoint\",\"urlTemplate\":\"\/?s={search_term_string}\"},\"query-input\":\"required name=search_term_string\"}],\"inLanguage\":\"ca\"},{\"@type\":\"Organization\",\"@id\":\"\/#organization\",\"name\":\"Hotel Praktik Vinoteca\",\"url\":\"\/\",\"logo\":{\"@type\":\"ImageObject\",\"inLanguage\":\"ca\",\"@id\":\"\/#\/schema\/logo\/image\/\",\"url\":\"https:\/\/www.hotelpraktikvinoteca.com\/wp-content\/uploads\/sites\/20\/2022\/11\/praktik-vinoteca-habitacion01.jpg\",\"contentUrl\":\"https:\/\/www.hotelpraktikvinoteca.com\/wp-content\/uploads\/sites\/20\/2022\/11\/praktik-vinoteca-habitacion01.jpg\",\"width\":960,\"height\":635,\"caption\":\"Hotel Praktik Vinoteca\"},\"image\":{\"@id\":\"\/#\/schema\/logo\/image\/\"},\"sameAs\":[\"https:\/\/www.facebook.com\/praktikhotels\/\",\"https:\/\/x.com\/praktikhotels\",\"https:\/\/www.instagram.com\/praktikhotels\/\"]},{\"@type\":\"Person\",\"@id\":\"\/#\/schema\/person\/61e004cfc07e8b9ece2c609d802040a8\",\"name\":\"rafael\",\"image\":{\"@type\":\"ImageObject\",\"inLanguage\":\"ca\",\"@id\":\"\/#\/schema\/person\/image\/\",\"url\":\"https:\/\/secure.gravatar.com\/avatar\/cb4edff202b9612138e69e647bfe79b3?s=96&d=mm&r=g\",\"contentUrl\":\"https:\/\/secure.gravatar.com\/avatar\/cb4edff202b9612138e69e647bfe79b3?s=96&d=mm&r=g\",\"caption\":\"rafael\"}}]}<\/script>\n<!-- \/ Yoast SEO plugin. -->","yoast_head_json":{"title":"La Vinoteca - Hotel Praktik Vinoteca","description":"Gaudeix de l'experi\u00e8ncia Praktik Vinoteca al complet amb un dels nostres tasts i activitats de grup relacionats amb el m\u00f3n del vi.","robots":{"index":"index","follow":"follow","max-snippet":"max-snippet:-1","max-image-preview":"max-image-preview:large","max-video-preview":"max-video-preview:-1"},"canonical":"https:\/\/www.hotelpraktikvinoteca.com\/ca\/hotel-a-barcelona\/la-vinoteca\/","og_locale":"ca_ES","og_type":"article","og_title":"Servicios - Hotel Praktik Vinoteca","og_description":"Encuentra en hotel Praktik Vinoteca todos los servicios que necesitas para disfrutar de una estancia por la ciudad tal y como deseas. \u00a1Reserva ahora!","og_url":"https:\/\/www.hotelpraktikvinoteca.com\/ca\/hotel-a-barcelona\/la-vinoteca\/","og_site_name":"Hotel Praktik Vinoteca","article_publisher":"https:\/\/www.facebook.com\/praktikhotels\/","article_modified_time":"2025-10-10T12:12:40+00:00","og_image":[{"width":540,"height":540,"url":"https:\/\/www.hotelpraktikvinoteca.com\/wp-content\/uploads\/sites\/20\/HOTEL-PRAKTIK-VINOTECA-BARCELONA-ENTRADA.jpg","type":"image\/jpeg"}],"twitter_card":"summary_large_image","twitter_title":"Servicios - Hotel Praktik Vinoteca","twitter_description":"Encuentra en hotel Praktik Vinoteca todos los servicios que necesitas para disfrutar de una estancia por la ciudad tal y como deseas. \u00a1Reserva ahora!","twitter_site":"@praktikhotels","twitter_misc":{"Temps estimat de lectura":"3 minuts"},"schema":{"@context":"https:\/\/schema.org","@graph":[{"@type":"Article","@id":"https:\/\/www.hotelpraktikvinoteca.com\/ca\/hotel-a-barcelona\/la-vinoteca\/#article","isPartOf":{"@id":"https:\/\/www.hotelpraktikvinoteca.com\/ca\/hotel-a-barcelona\/la-vinoteca\/"},"author":{"name":"rafael","@id":"\/#\/schema\/person\/61e004cfc07e8b9ece2c609d802040a8"},"headline":"La Vinoteca","datePublished":"2024-03-21T14:54:47+00:00","dateModified":"2025-10-10T12:12:40+00:00","mainEntityOfPage":{"@id":"https:\/\/www.hotelpraktikvinoteca.com\/ca\/hotel-a-barcelona\/la-vinoteca\/"},"wordCount":251,"publisher":{"@id":"\/#organization"},"image":{"@id":"https:\/\/www.hotelpraktikvinoteca.com\/ca\/hotel-a-barcelona\/la-vinoteca\/#primaryimage"},"thumbnailUrl":"https:\/\/www.hotelpraktikvinoteca.com\/wp-content\/uploads\/sites\/20\/HOTEL-PRAKTIK-VINOTECA-BARCELONA-ENTRADA.jpg","inLanguage":"ca"},{"@type":"WebPage","@id":"https:\/\/www.hotelpraktikvinoteca.com\/ca\/hotel-a-barcelona\/la-vinoteca\/","url":"https:\/\/www.hotelpraktikvinoteca.com\/ca\/hotel-a-barcelona\/la-vinoteca\/","name":"La Vinoteca - Hotel Praktik Vinoteca","isPartOf":{"@id":"\/#website"},"primaryImageOfPage":{"@id":"https:\/\/www.hotelpraktikvinoteca.com\/ca\/hotel-a-barcelona\/la-vinoteca\/#primaryimage"},"image":{"@id":"https:\/\/www.hotelpraktikvinoteca.com\/ca\/hotel-a-barcelona\/la-vinoteca\/#primaryimage"},"thumbnailUrl":"https:\/\/www.hotelpraktikvinoteca.com\/wp-content\/uploads\/sites\/20\/HOTEL-PRAKTIK-VINOTECA-BARCELONA-ENTRADA.jpg","datePublished":"2024-03-21T14:54:47+00:00","dateModified":"2025-10-10T12:12:40+00:00","description":"Gaudeix de l'experi\u00e8ncia Praktik Vinoteca al complet amb un dels nostres tasts i activitats de grup relacionats amb el m\u00f3n del vi.","breadcrumb":{"@id":"https:\/\/www.hotelpraktikvinoteca.com\/ca\/hotel-a-barcelona\/la-vinoteca\/#breadcrumb"},"inLanguage":"ca","potentialAction":[{"@type":"ReadAction","target":["https:\/\/www.hotelpraktikvinoteca.com\/ca\/hotel-a-barcelona\/la-vinoteca\/"]}]},{"@type":"ImageObject","inLanguage":"ca","@id":"https:\/\/www.hotelpraktikvinoteca.com\/ca\/hotel-a-barcelona\/la-vinoteca\/#primaryimage","url":"https:\/\/www.hotelpraktikvinoteca.com\/wp-content\/uploads\/sites\/20\/HOTEL-PRAKTIK-VINOTECA-BARCELONA-ENTRADA.jpg","contentUrl":"https:\/\/www.hotelpraktikvinoteca.com\/wp-content\/uploads\/sites\/20\/HOTEL-PRAKTIK-VINOTECA-BARCELONA-ENTRADA.jpg","width":540,"height":540,"caption":"HOTEL-PRAKTIK-VINOTECA-BARCELONA-ENTRADA"},{"@type":"BreadcrumbList","@id":"https:\/\/www.hotelpraktikvinoteca.com\/ca\/hotel-a-barcelona\/la-vinoteca\/#breadcrumb","itemListElement":[{"@type":"ListItem","position":1,"name":"Portada","item":"https:\/\/www.hotelpraktikvinoteca.com\/ca\/"},{"@type":"ListItem","position":2,"name":"Hotel a Barcelona","item":"https:\/\/www.hotelpraktikvinoteca.com\/ca\/"},{"@type":"ListItem","position":3,"name":"La Vinoteca"}]},{"@type":"WebSite","@id":"\/#website","url":"\/","name":"Hotel Praktik Vinoteca","description":"Un hotel con sabor a vino","publisher":{"@id":"\/#organization"},"potentialAction":[{"@type":"SearchAction","target":{"@type":"EntryPoint","urlTemplate":"\/?s={search_term_string}"},"query-input":"required name=search_term_string"}],"inLanguage":"ca"},{"@type":"Organization","@id":"\/#organization","name":"Hotel Praktik Vinoteca","url":"\/","logo":{"@type":"ImageObject","inLanguage":"ca","@id":"\/#\/schema\/logo\/image\/","url":"https:\/\/www.hotelpraktikvinoteca.com\/wp-content\/uploads\/sites\/20\/2022\/11\/praktik-vinoteca-habitacion01.jpg","contentUrl":"https:\/\/www.hotelpraktikvinoteca.com\/wp-content\/uploads\/sites\/20\/2022\/11\/praktik-vinoteca-habitacion01.jpg","width":960,"height":635,"caption":"Hotel Praktik Vinoteca"},"image":{"@id":"\/#\/schema\/logo\/image\/"},"sameAs":["https:\/\/www.facebook.com\/praktikhotels\/","https:\/\/x.com\/praktikhotels","https:\/\/www.instagram.com\/praktikhotels\/"]},{"@type":"Person","@id":"\/#\/schema\/person\/61e004cfc07e8b9ece2c609d802040a8","name":"rafael","image":{"@type":"ImageObject","inLanguage":"ca","@id":"\/#\/schema\/person\/image\/","url":"https:\/\/secure.gravatar.com\/avatar\/cb4edff202b9612138e69e647bfe79b3?s=96&d=mm&r=g","contentUrl":"https:\/\/secure.gravatar.com\/avatar\/cb4edff202b9612138e69e647bfe79b3?s=96&d=mm&r=g","caption":"rafael"}}]}},"_links":{"self":[{"href":"https:\/\/www.hotelpraktikvinoteca.com\/ca\/wp-json\/wp\/v2\/pages\/13640"}],"collection":[{"href":"https:\/\/www.hotelpraktikvinoteca.com\/ca\/wp-json\/wp\/v2\/pages"}],"about":[{"href":"https:\/\/www.hotelpraktikvinoteca.com\/ca\/wp-json\/wp\/v2\/types\/page"}],"author":[{"embeddable":true,"href":"https:\/\/www.hotelpraktikvinoteca.com\/ca\/wp-json\/wp\/v2\/users\/8"}],"replies":[{"embeddable":true,"href":"https:\/\/www.hotelpraktikvinoteca.com\/ca\/wp-json\/wp\/v2\/comments?post=13640"}],"version-history":[{"count":12,"href":"https:\/\/www.hotelpraktikvinoteca.com\/ca\/wp-json\/wp\/v2\/pages\/13640\/revisions"}],"predecessor-version":[{"id":14248,"href":"https:\/\/www.hotelpraktikvinoteca.com\/ca\/wp-json\/wp\/v2\/pages\/13640\/revisions\/14248"}],"up":[{"embeddable":true,"href":"https:\/\/www.hotelpraktikvinoteca.com\/ca\/wp-json\/wp\/v2\/pages\/7564"}],"wp:featuredmedia":[{"embeddable":true,"href":"https:\/\/www.hotelpraktikvinoteca.com\/ca\/wp-json\/wp\/v2\/media\/11562"}],"wp:attachment":[{"href":"https:\/\/www.hotelpraktikvinoteca.com\/ca\/wp-json\/wp\/v2\/media?parent=13640"}],"curies":[{"name":"wp","href":"https:\/\/api.w.org\/{rel}","templated":true}]}}