{"id":13643,"date":"2024-03-21T14:54:47","date_gmt":"2024-03-21T14:54:47","guid":{"rendered":"https:\/\/www.hotelpraktikvinoteca.com\/?page_id=13643"},"modified":"2025-10-10T12:11:56","modified_gmt":"2025-10-10T12:11:56","slug":"la-vinoteca","status":"publish","type":"page","link":"https:\/\/www.hotelpraktikvinoteca.com\/de\/hotel-barcelona\/la-vinoteca\/","title":{"rendered":"La Vinoteca"},"content":{"rendered":"<h1 style=\"text-align: center;\">La Vinoteca<\/h1>\n<p style=\"text-align: center;\">Genie\u00dfen Sie das volle Praktik Vinoteca-Erlebnis bei einer unserer Verkostungen. Aus unserer Auswahl an Weinen erkl\u00e4rt Ihnen ein erfahrener Sommelier die Besonderheiten verschiedener Herkunftsbezeichnungen, Regionen und Typologien. W\u00e4hlen Sie Ihre Lieblingsverkostung und tauchen Sie als Experte in die Weinwelt ein.<\/p>\n<p style=\"text-align: center;\">Unsere Verkostungen<\/p>\n<p><span style=\"\"><img decoding=\"async\" alt=\"\" data-id=\"13589\" width=\"416\" data-init-width=\"850\" height=\"392\" data-init-height=\"800\" title=\"VINOS CATALANES\" loading=\"lazy\" src=\"https:\/\/www.hotelpraktikvinoteca.com\/wp-content\/uploads\/sites\/20\/VINOS-CATALANES.webp\" data-width=\"416\" data-height=\"392\" style=\"aspect-ratio: auto 850 \/ 800;\" mt-d=\"0\" center-v-d=\"false\" ml-d=\"0\" mt-m=\"0\" ml-m=\"0\" center-v-m=\"false\"><span style=\"\"><\/span><\/span><\/p>\n<h3 style=\"\">DO Weintradition<\/h3>\n<p style=\"\">Wenn Sie ein Weinliebhaber sind, d\u00fcrfen Sie sich die gro\u00dfen nationalen Herkunftsbezeichnungen nicht entgehen lassen. Genie\u00dfen Sie unsere Verkostung von 4 von Sommeliers ausgew\u00e4hlten Weinen und entdecken Sie die Juwelen des Landes.<\/p>\n<p><span style=\"\"><img decoding=\"async\" alt=\"\" data-id=\"13582\" width=\"416\" data-init-width=\"800\" height=\"392\" data-init-height=\"534\" title=\"MARIDAJE\" loading=\"lazy\" src=\"https:\/\/www.hotelpraktikvinoteca.com\/wp-content\/uploads\/sites\/20\/MARIDAJE-1.jpg\" data-width=\"416\" data-height=\"392\" style=\"aspect-ratio: auto 800 \/ 534;\" mt-d=\"0\" center-v-d=\"false\" ml-d=\"0\" mt-m=\"0\" ml-m=\"0\" center-v-m=\"false\"><span style=\"\"><\/span><\/span><\/p>\n<h3 style=\"\">Paarung: ein sinnliches Erlebnis<\/h3>\n<p style=\"font-size: 16px !important;\">Entdecken Sie Spanien mit Ihren 5 Sinnen, 5 Weinen und 5 Produkten nationaler Herkunft. Entdecken Sie die Aromen, Nuancen und Geheimnisse eines guten Weins.<\/p>\n<p style=\"font-size: 16px !important;\">\n<p><span style=\"\"><img decoding=\"async\" alt=\"\" data-id=\"13568\" width=\"416\" data-init-width=\"720\" height=\"392\" data-init-height=\"524\" title=\"ESPUMOSOS CATALANES\" loading=\"lazy\" src=\"https:\/\/www.hotelpraktikvinoteca.com\/wp-content\/uploads\/sites\/20\/ESPUMOSOS-CATALANES.jpg\" data-width=\"416\" data-height=\"392\" style=\"aspect-ratio: auto 720 \/ 524;\" mt-d=\"0\" center-v-d=\"false\" ml-d=\"0\" mt-m=\"0\" ml-m=\"0\" center-v-m=\"false\"><span style=\"\"><\/span><\/span><\/p>\n<h3 style=\"\">Verkostung mit Funken<\/h3>\n<p style=\"font-size: 16px !important;\">Genie\u00dfen Sie 4 katalanische Schaumweine, bei denen Sie Cava, Corpinat, Classic Pened\u00e9s und Ancestral probieren k\u00f6nnen. Vertiefen Sie Ihr Wissen \u00fcber Schaumweine.<\/p>\n<p style=\"font-size: 16px !important;\">\n<p style=\"text-align: center;\">&#8230;f\u00fcr Gruppen &amp; Teambuilding<\/p>\n<p><span style=\"\"><img decoding=\"async\" alt=\"\" data-id=\"13628\" width=\"416\" data-init-width=\"1023\" height=\"312\" data-init-height=\"768\" title=\"blind tasting\" loading=\"lazy\" src=\"https:\/\/www.hotelpraktikvinoteca.com\/wp-content\/uploads\/sites\/20\/blind-tasting.jpg\" data-width=\"416\" data-height=\"312\" style=\"aspect-ratio: auto 1023 \/ 768;\" mt-d=\"-3\" center-v-d=\"false\" ml-d=\"0\" mt-m=\"0\" ml-m=\"0\" center-v-m=\"false\"><span style=\"\"><\/span><\/span><\/p>\n<h3 style=\"\">Blindverkostungen<\/h3>\n<p style=\"font-size: 16px !important;\">Es ist ein guter Zeitvertreib und ein Training der Geschmacksknospen f\u00fcr Weinliebhaber, unabh\u00e4ngig vom beruflichen Niveau jedes Teilnehmers.<\/p>\n<p style=\"font-size: 16px !important;\">\n<p style=\"font-size: 16px !important;\">\n<p><span style=\"\"><img decoding=\"async\" alt=\"\" data-id=\"13615\" width=\"416\" data-init-width=\"1024\" height=\"312\" data-init-height=\"768\" title=\"wine quiz\" loading=\"lazy\" src=\"https:\/\/www.hotelpraktikvinoteca.com\/wp-content\/uploads\/sites\/20\/wine-quiz.jpg\" data-width=\"416\" data-height=\"312\" style=\"aspect-ratio: auto 1024 \/ 768;\" mt-d=\"-3\" center-v-d=\"false\" ml-d=\"0\" mt-m=\"0\" ml-m=\"0\" center-v-m=\"false\"><span style=\"\"><\/span><\/span><\/p>\n<h3 style=\"\">Wine quiz<\/h3>\n<p style=\"\">Wie viel wissen Sie \u00fcber Wein? In Teams von 2-4 Personen beantworten Sie m\u00f6glichst viele Fragen, um als Gewinner des Wettbewerbs den Preis zu gewinnen.<\/p>\n<p style=\"\">\n<p><span style=\"\"><img decoding=\"async\" alt=\"\" data-id=\"13622\" width=\"416\" data-init-width=\"800\" height=\"312\" data-init-height=\"600\" title=\"wine-school\" loading=\"lazy\" src=\"https:\/\/www.hotelpraktikvinoteca.com\/wp-content\/uploads\/sites\/20\/wine-school.jpg\" data-width=\"416\" data-height=\"312\" style=\"aspect-ratio: auto 800 \/ 600;\" mt-d=\"-3\" center-v-d=\"false\" ml-d=\"0\" mt-m=\"0\" ml-m=\"0\" center-v-m=\"false\"><span style=\"\"><\/span><\/span><\/p>\n<h3 style=\"\">Weinschule<\/h3>\n<p style=\"font-size: 16px !important;\">Lernen Sie ausf\u00fchrlich und in der Gruppe die Welt des Weins kennen. Erfahren Sie mehr \u00fcber Sorten und Weing\u00fcter aus unterschiedlichen Gebieten und Herkunftsbezeichnungen und werden Sie zum kleinen Experten.<\/p>\n<p style=\"text-align: center;\">We are Barcelona<\/p>\n<p style=\"text-align: center;\">We are Barcelona<\/p>\n<p style=\"\">We are Barcelona<\/p>\n","protected":false},"excerpt":{"rendered":"<p>La Vinoteca Genie\u00dfen Sie das volle Praktik Vinoteca-Erlebnis bei einer unserer Verkostungen. Aus unserer Auswahl an Weinen erkl\u00e4rt Ihnen ein erfahrener Sommelier die Besonderheiten verschiedener Herkunftsbezeichnungen, Regionen und Typologien. W\u00e4hlen Sie Ihre Lieblingsverkostung und tauchen Sie als Experte in die Weinwelt ein. Unsere Verkostungen DO Weintradition Wenn Sie ein Weinliebhaber sind, d\u00fcrfen Sie sich die [&hellip;]<\/p>\n","protected":false},"author":8,"featured_media":11565,"parent":7570,"menu_order":0,"comment_status":"closed","ping_status":"closed","template":"","meta":{"inline_featured_image":false,"footnotes":""},"class_list":["post-13643","page","type-page","status-publish","has-post-thumbnail","hentry","post-wrapper","thrv_wrapper"],"yoast_head":"<!-- This site is optimized with the Yoast SEO plugin v23.2 - https:\/\/yoast.com\/wordpress\/plugins\/seo\/ -->\n<title>La Vinoteca - Hotel Praktik Vinoteca<\/title>\n<meta name=\"description\" content=\"Genie\u00dfen Sie das volle Praktik Vinoteca-Erlebnis bei einer unserer Verkostungen und Gruppenaktivit\u00e4ten rund um die Welt des Weins.\" \/>\n<meta name=\"robots\" content=\"index, follow, max-snippet:-1, max-image-preview:large, max-video-preview:-1\" \/>\n<link rel=\"canonical\" href=\"https:\/\/www.hotelpraktikvinoteca.com\/de\/hotel-barcelona\/la-vinoteca\/\" \/>\n<meta property=\"og:locale\" content=\"de_DE\" \/>\n<meta property=\"og:type\" content=\"article\" \/>\n<meta property=\"og:title\" content=\"Servicios - Hotel Praktik Vinoteca\" \/>\n<meta property=\"og:description\" content=\"Encuentra en hotel Praktik Vinoteca todos los servicios que necesitas para disfrutar de una estancia por la ciudad tal y como deseas. \u00a1Reserva ahora!\" \/>\n<meta property=\"og:url\" content=\"https:\/\/www.hotelpraktikvinoteca.com\/de\/hotel-barcelona\/la-vinoteca\/\" \/>\n<meta property=\"og:site_name\" content=\"Hotel Praktik Vinoteca\" \/>\n<meta property=\"article:publisher\" content=\"https:\/\/www.facebook.com\/praktikhotels\/\" \/>\n<meta property=\"article:modified_time\" content=\"2025-10-10T12:11:56+00:00\" \/>\n<meta property=\"og:image\" content=\"https:\/\/www.hotelpraktikvinoteca.com\/wp-content\/uploads\/sites\/20\/HOTEL-PRAKTIK-VINOTECA-BARCELONA-ENTRADA.jpg\" \/>\n\t<meta property=\"og:image:width\" content=\"540\" \/>\n\t<meta property=\"og:image:height\" content=\"540\" \/>\n\t<meta property=\"og:image:type\" content=\"image\/jpeg\" \/>\n<meta name=\"twitter:card\" content=\"summary_large_image\" \/>\n<meta name=\"twitter:title\" content=\"Servicios - Hotel Praktik Vinoteca\" \/>\n<meta name=\"twitter:description\" content=\"Encuentra en hotel Praktik Vinoteca todos los servicios que necesitas para disfrutar de una estancia por la ciudad tal y como deseas. \u00a1Reserva ahora!\" \/>\n<meta name=\"twitter:site\" content=\"@praktikhotels\" \/>\n<meta name=\"twitter:label1\" content=\"Gesch\u00e4tzte Lesezeit\" \/>\n\t<meta name=\"twitter:data1\" content=\"3\u00a0Minuten\" \/>\n<script type=\"application\/ld+json\" class=\"yoast-schema-graph\">{\"@context\":\"https:\/\/schema.org\",\"@graph\":[{\"@type\":\"Article\",\"@id\":\"https:\/\/www.hotelpraktikvinoteca.com\/de\/hotel-barcelona\/la-vinoteca\/#article\",\"isPartOf\":{\"@id\":\"https:\/\/www.hotelpraktikvinoteca.com\/de\/hotel-barcelona\/la-vinoteca\/\"},\"author\":{\"name\":\"rafael\",\"@id\":\"\/#\/schema\/person\/61e004cfc07e8b9ece2c609d802040a8\"},\"headline\":\"La Vinoteca\",\"datePublished\":\"2024-03-21T14:54:47+00:00\",\"dateModified\":\"2025-10-10T12:11:56+00:00\",\"mainEntityOfPage\":{\"@id\":\"https:\/\/www.hotelpraktikvinoteca.com\/de\/hotel-barcelona\/la-vinoteca\/\"},\"wordCount\":234,\"publisher\":{\"@id\":\"\/#organization\"},\"image\":{\"@id\":\"https:\/\/www.hotelpraktikvinoteca.com\/de\/hotel-barcelona\/la-vinoteca\/#primaryimage\"},\"thumbnailUrl\":\"https:\/\/www.hotelpraktikvinoteca.com\/wp-content\/uploads\/sites\/20\/HOTEL-PRAKTIK-VINOTECA-BARCELONA-ENTRADA.jpg\",\"inLanguage\":\"de\"},{\"@type\":\"WebPage\",\"@id\":\"https:\/\/www.hotelpraktikvinoteca.com\/de\/hotel-barcelona\/la-vinoteca\/\",\"url\":\"https:\/\/www.hotelpraktikvinoteca.com\/de\/hotel-barcelona\/la-vinoteca\/\",\"name\":\"La Vinoteca - Hotel Praktik Vinoteca\",\"isPartOf\":{\"@id\":\"\/#website\"},\"primaryImageOfPage\":{\"@id\":\"https:\/\/www.hotelpraktikvinoteca.com\/de\/hotel-barcelona\/la-vinoteca\/#primaryimage\"},\"image\":{\"@id\":\"https:\/\/www.hotelpraktikvinoteca.com\/de\/hotel-barcelona\/la-vinoteca\/#primaryimage\"},\"thumbnailUrl\":\"https:\/\/www.hotelpraktikvinoteca.com\/wp-content\/uploads\/sites\/20\/HOTEL-PRAKTIK-VINOTECA-BARCELONA-ENTRADA.jpg\",\"datePublished\":\"2024-03-21T14:54:47+00:00\",\"dateModified\":\"2025-10-10T12:11:56+00:00\",\"description\":\"Genie\u00dfen Sie das volle Praktik Vinoteca-Erlebnis bei einer unserer Verkostungen und Gruppenaktivit\u00e4ten rund um die Welt des Weins.\",\"breadcrumb\":{\"@id\":\"https:\/\/www.hotelpraktikvinoteca.com\/de\/hotel-barcelona\/la-vinoteca\/#breadcrumb\"},\"inLanguage\":\"de\",\"potentialAction\":[{\"@type\":\"ReadAction\",\"target\":[\"https:\/\/www.hotelpraktikvinoteca.com\/de\/hotel-barcelona\/la-vinoteca\/\"]}]},{\"@type\":\"ImageObject\",\"inLanguage\":\"de\",\"@id\":\"https:\/\/www.hotelpraktikvinoteca.com\/de\/hotel-barcelona\/la-vinoteca\/#primaryimage\",\"url\":\"https:\/\/www.hotelpraktikvinoteca.com\/wp-content\/uploads\/sites\/20\/HOTEL-PRAKTIK-VINOTECA-BARCELONA-ENTRADA.jpg\",\"contentUrl\":\"https:\/\/www.hotelpraktikvinoteca.com\/wp-content\/uploads\/sites\/20\/HOTEL-PRAKTIK-VINOTECA-BARCELONA-ENTRADA.jpg\",\"width\":540,\"height\":540,\"caption\":\"HOTEL-PRAKTIK-VINOTECA-BARCELONA-ENTRADA\"},{\"@type\":\"BreadcrumbList\",\"@id\":\"https:\/\/www.hotelpraktikvinoteca.com\/de\/hotel-barcelona\/la-vinoteca\/#breadcrumb\",\"itemListElement\":[{\"@type\":\"ListItem\",\"position\":1,\"name\":\"Portada\",\"item\":\"https:\/\/www.hotelpraktikvinoteca.com\/de\/\"},{\"@type\":\"ListItem\",\"position\":2,\"name\":\"Hotel Barcelona\",\"item\":\"https:\/\/www.hotelpraktikvinoteca.com\/de\/\"},{\"@type\":\"ListItem\",\"position\":3,\"name\":\"La Vinoteca\"}]},{\"@type\":\"WebSite\",\"@id\":\"\/#website\",\"url\":\"\/\",\"name\":\"Hotel Praktik Vinoteca\",\"description\":\"Un hotel con sabor a vino\",\"publisher\":{\"@id\":\"\/#organization\"},\"potentialAction\":[{\"@type\":\"SearchAction\",\"target\":{\"@type\":\"EntryPoint\",\"urlTemplate\":\"\/?s={search_term_string}\"},\"query-input\":\"required name=search_term_string\"}],\"inLanguage\":\"de\"},{\"@type\":\"Organization\",\"@id\":\"\/#organization\",\"name\":\"Hotel Praktik Vinoteca\",\"url\":\"\/\",\"logo\":{\"@type\":\"ImageObject\",\"inLanguage\":\"de\",\"@id\":\"\/#\/schema\/logo\/image\/\",\"url\":\"https:\/\/www.hotelpraktikvinoteca.com\/wp-content\/uploads\/sites\/20\/2022\/11\/praktik-vinoteca-habitacion01.jpg\",\"contentUrl\":\"https:\/\/www.hotelpraktikvinoteca.com\/wp-content\/uploads\/sites\/20\/2022\/11\/praktik-vinoteca-habitacion01.jpg\",\"width\":960,\"height\":635,\"caption\":\"Hotel Praktik Vinoteca\"},\"image\":{\"@id\":\"\/#\/schema\/logo\/image\/\"},\"sameAs\":[\"https:\/\/www.facebook.com\/praktikhotels\/\",\"https:\/\/x.com\/praktikhotels\",\"https:\/\/www.instagram.com\/praktikhotels\/\"]},{\"@type\":\"Person\",\"@id\":\"\/#\/schema\/person\/61e004cfc07e8b9ece2c609d802040a8\",\"name\":\"rafael\",\"image\":{\"@type\":\"ImageObject\",\"inLanguage\":\"de\",\"@id\":\"\/#\/schema\/person\/image\/\",\"url\":\"https:\/\/secure.gravatar.com\/avatar\/cb4edff202b9612138e69e647bfe79b3?s=96&d=mm&r=g\",\"contentUrl\":\"https:\/\/secure.gravatar.com\/avatar\/cb4edff202b9612138e69e647bfe79b3?s=96&d=mm&r=g\",\"caption\":\"rafael\"}}]}<\/script>\n<!-- \/ Yoast SEO plugin. -->","yoast_head_json":{"title":"La Vinoteca - Hotel Praktik Vinoteca","description":"Genie\u00dfen Sie das volle Praktik Vinoteca-Erlebnis bei einer unserer Verkostungen und Gruppenaktivit\u00e4ten rund um die Welt des Weins.","robots":{"index":"index","follow":"follow","max-snippet":"max-snippet:-1","max-image-preview":"max-image-preview:large","max-video-preview":"max-video-preview:-1"},"canonical":"https:\/\/www.hotelpraktikvinoteca.com\/de\/hotel-barcelona\/la-vinoteca\/","og_locale":"de_DE","og_type":"article","og_title":"Servicios - Hotel Praktik Vinoteca","og_description":"Encuentra en hotel Praktik Vinoteca todos los servicios que necesitas para disfrutar de una estancia por la ciudad tal y como deseas. \u00a1Reserva ahora!","og_url":"https:\/\/www.hotelpraktikvinoteca.com\/de\/hotel-barcelona\/la-vinoteca\/","og_site_name":"Hotel Praktik Vinoteca","article_publisher":"https:\/\/www.facebook.com\/praktikhotels\/","article_modified_time":"2025-10-10T12:11:56+00:00","og_image":[{"width":540,"height":540,"url":"https:\/\/www.hotelpraktikvinoteca.com\/wp-content\/uploads\/sites\/20\/HOTEL-PRAKTIK-VINOTECA-BARCELONA-ENTRADA.jpg","type":"image\/jpeg"}],"twitter_card":"summary_large_image","twitter_title":"Servicios - Hotel Praktik Vinoteca","twitter_description":"Encuentra en hotel Praktik Vinoteca todos los servicios que necesitas para disfrutar de una estancia por la ciudad tal y como deseas. \u00a1Reserva ahora!","twitter_site":"@praktikhotels","twitter_misc":{"Gesch\u00e4tzte Lesezeit":"3\u00a0Minuten"},"schema":{"@context":"https:\/\/schema.org","@graph":[{"@type":"Article","@id":"https:\/\/www.hotelpraktikvinoteca.com\/de\/hotel-barcelona\/la-vinoteca\/#article","isPartOf":{"@id":"https:\/\/www.hotelpraktikvinoteca.com\/de\/hotel-barcelona\/la-vinoteca\/"},"author":{"name":"rafael","@id":"\/#\/schema\/person\/61e004cfc07e8b9ece2c609d802040a8"},"headline":"La Vinoteca","datePublished":"2024-03-21T14:54:47+00:00","dateModified":"2025-10-10T12:11:56+00:00","mainEntityOfPage":{"@id":"https:\/\/www.hotelpraktikvinoteca.com\/de\/hotel-barcelona\/la-vinoteca\/"},"wordCount":234,"publisher":{"@id":"\/#organization"},"image":{"@id":"https:\/\/www.hotelpraktikvinoteca.com\/de\/hotel-barcelona\/la-vinoteca\/#primaryimage"},"thumbnailUrl":"https:\/\/www.hotelpraktikvinoteca.com\/wp-content\/uploads\/sites\/20\/HOTEL-PRAKTIK-VINOTECA-BARCELONA-ENTRADA.jpg","inLanguage":"de"},{"@type":"WebPage","@id":"https:\/\/www.hotelpraktikvinoteca.com\/de\/hotel-barcelona\/la-vinoteca\/","url":"https:\/\/www.hotelpraktikvinoteca.com\/de\/hotel-barcelona\/la-vinoteca\/","name":"La Vinoteca - Hotel Praktik Vinoteca","isPartOf":{"@id":"\/#website"},"primaryImageOfPage":{"@id":"https:\/\/www.hotelpraktikvinoteca.com\/de\/hotel-barcelona\/la-vinoteca\/#primaryimage"},"image":{"@id":"https:\/\/www.hotelpraktikvinoteca.com\/de\/hotel-barcelona\/la-vinoteca\/#primaryimage"},"thumbnailUrl":"https:\/\/www.hotelpraktikvinoteca.com\/wp-content\/uploads\/sites\/20\/HOTEL-PRAKTIK-VINOTECA-BARCELONA-ENTRADA.jpg","datePublished":"2024-03-21T14:54:47+00:00","dateModified":"2025-10-10T12:11:56+00:00","description":"Genie\u00dfen Sie das volle Praktik Vinoteca-Erlebnis bei einer unserer Verkostungen und Gruppenaktivit\u00e4ten rund um die Welt des Weins.","breadcrumb":{"@id":"https:\/\/www.hotelpraktikvinoteca.com\/de\/hotel-barcelona\/la-vinoteca\/#breadcrumb"},"inLanguage":"de","potentialAction":[{"@type":"ReadAction","target":["https:\/\/www.hotelpraktikvinoteca.com\/de\/hotel-barcelona\/la-vinoteca\/"]}]},{"@type":"ImageObject","inLanguage":"de","@id":"https:\/\/www.hotelpraktikvinoteca.com\/de\/hotel-barcelona\/la-vinoteca\/#primaryimage","url":"https:\/\/www.hotelpraktikvinoteca.com\/wp-content\/uploads\/sites\/20\/HOTEL-PRAKTIK-VINOTECA-BARCELONA-ENTRADA.jpg","contentUrl":"https:\/\/www.hotelpraktikvinoteca.com\/wp-content\/uploads\/sites\/20\/HOTEL-PRAKTIK-VINOTECA-BARCELONA-ENTRADA.jpg","width":540,"height":540,"caption":"HOTEL-PRAKTIK-VINOTECA-BARCELONA-ENTRADA"},{"@type":"BreadcrumbList","@id":"https:\/\/www.hotelpraktikvinoteca.com\/de\/hotel-barcelona\/la-vinoteca\/#breadcrumb","itemListElement":[{"@type":"ListItem","position":1,"name":"Portada","item":"https:\/\/www.hotelpraktikvinoteca.com\/de\/"},{"@type":"ListItem","position":2,"name":"Hotel Barcelona","item":"https:\/\/www.hotelpraktikvinoteca.com\/de\/"},{"@type":"ListItem","position":3,"name":"La Vinoteca"}]},{"@type":"WebSite","@id":"\/#website","url":"\/","name":"Hotel Praktik Vinoteca","description":"Un hotel con sabor a vino","publisher":{"@id":"\/#organization"},"potentialAction":[{"@type":"SearchAction","target":{"@type":"EntryPoint","urlTemplate":"\/?s={search_term_string}"},"query-input":"required name=search_term_string"}],"inLanguage":"de"},{"@type":"Organization","@id":"\/#organization","name":"Hotel Praktik Vinoteca","url":"\/","logo":{"@type":"ImageObject","inLanguage":"de","@id":"\/#\/schema\/logo\/image\/","url":"https:\/\/www.hotelpraktikvinoteca.com\/wp-content\/uploads\/sites\/20\/2022\/11\/praktik-vinoteca-habitacion01.jpg","contentUrl":"https:\/\/www.hotelpraktikvinoteca.com\/wp-content\/uploads\/sites\/20\/2022\/11\/praktik-vinoteca-habitacion01.jpg","width":960,"height":635,"caption":"Hotel Praktik Vinoteca"},"image":{"@id":"\/#\/schema\/logo\/image\/"},"sameAs":["https:\/\/www.facebook.com\/praktikhotels\/","https:\/\/x.com\/praktikhotels","https:\/\/www.instagram.com\/praktikhotels\/"]},{"@type":"Person","@id":"\/#\/schema\/person\/61e004cfc07e8b9ece2c609d802040a8","name":"rafael","image":{"@type":"ImageObject","inLanguage":"de","@id":"\/#\/schema\/person\/image\/","url":"https:\/\/secure.gravatar.com\/avatar\/cb4edff202b9612138e69e647bfe79b3?s=96&d=mm&r=g","contentUrl":"https:\/\/secure.gravatar.com\/avatar\/cb4edff202b9612138e69e647bfe79b3?s=96&d=mm&r=g","caption":"rafael"}}]}},"_links":{"self":[{"href":"https:\/\/www.hotelpraktikvinoteca.com\/de\/wp-json\/wp\/v2\/pages\/13643"}],"collection":[{"href":"https:\/\/www.hotelpraktikvinoteca.com\/de\/wp-json\/wp\/v2\/pages"}],"about":[{"href":"https:\/\/www.hotelpraktikvinoteca.com\/de\/wp-json\/wp\/v2\/types\/page"}],"author":[{"embeddable":true,"href":"https:\/\/www.hotelpraktikvinoteca.com\/de\/wp-json\/wp\/v2\/users\/8"}],"replies":[{"embeddable":true,"href":"https:\/\/www.hotelpraktikvinoteca.com\/de\/wp-json\/wp\/v2\/comments?post=13643"}],"version-history":[{"count":15,"href":"https:\/\/www.hotelpraktikvinoteca.com\/de\/wp-json\/wp\/v2\/pages\/13643\/revisions"}],"predecessor-version":[{"id":14244,"href":"https:\/\/www.hotelpraktikvinoteca.com\/de\/wp-json\/wp\/v2\/pages\/13643\/revisions\/14244"}],"up":[{"embeddable":true,"href":"https:\/\/www.hotelpraktikvinoteca.com\/de\/wp-json\/wp\/v2\/pages\/7570"}],"wp:featuredmedia":[{"embeddable":true,"href":"https:\/\/www.hotelpraktikvinoteca.com\/de\/wp-json\/wp\/v2\/media\/11565"}],"wp:attachment":[{"href":"https:\/\/www.hotelpraktikvinoteca.com\/de\/wp-json\/wp\/v2\/media?parent=13643"}],"curies":[{"name":"wp","href":"https:\/\/api.w.org\/{rel}","templated":true}]}}