{"id":13559,"date":"2024-03-21T14:54:47","date_gmt":"2024-03-21T14:54:47","guid":{"rendered":"https:\/\/www.hotelpraktikvinoteca.com\/?page_id=13559"},"modified":"2025-10-10T12:10:36","modified_gmt":"2025-10-10T12:10:36","slug":"la-vinoteca","status":"publish","type":"page","link":"https:\/\/www.hotelpraktikvinoteca.com\/es\/hotel-en-barcelona\/la-vinoteca\/","title":{"rendered":"La Vinoteca"},"content":{"rendered":"<h1 style=\"text-align: center;\">La Vinoteca<\/h1>\n<p style=\"text-align: center;\">Disfruta la experiencia Praktik Vinoteca al completo con una de nuestras catas. De nuestra selecci\u00f3n de vinos un experto somellier te ense\u00f1ar\u00e1 los entresijos de diferentes denominaciones de origen, regiones y tipolog\u00edas. Escoge tu cata preferida y sum\u00e9rgete como un experto en el mundo vin\u00edcola.&nbsp;<\/p>\n<p style=\"text-align: center;\">Nuestras Catas<\/p>\n<p><span style=\"\"><img decoding=\"async\" alt=\"\" data-id=\"13589\" width=\"416\" data-init-width=\"850\" height=\"392\" data-init-height=\"800\" title=\"VINOS CATALANES\" loading=\"lazy\" src=\"https:\/\/www.hotelpraktikvinoteca.com\/wp-content\/uploads\/sites\/20\/VINOS-CATALANES.webp\" data-width=\"416\" data-height=\"392\" style=\"aspect-ratio: auto 850 \/ 800;\" mt-d=\"0\" center-v-d=\"false\" ml-d=\"0\" mt-m=\"0\" ml-m=\"0\" center-v-m=\"false\"><span style=\"\"><\/span><\/span><\/p>\n<h3 style=\"\">Tradici\u00f3n Vin\u00edcola de DO<\/h3>\n<p style=\"\">Si eres un amante del vino, no puedes perderte las grandes denominaciones de origen nacionales. Disfruta de nuestra cata de 4 vinos seleccionados por sommeliers y descubre las joyas del pa\u00eds.<\/p>\n<p><span style=\"\"><img decoding=\"async\" alt=\"\" data-id=\"13582\" width=\"416\" data-init-width=\"800\" height=\"392\" data-init-height=\"534\" title=\"MARIDAJE\" loading=\"lazy\" src=\"https:\/\/www.hotelpraktikvinoteca.com\/wp-content\/uploads\/sites\/20\/MARIDAJE-1.jpg\" data-width=\"416\" data-height=\"392\" style=\"aspect-ratio: auto 800 \/ 534;\" mt-d=\"0\" center-v-d=\"false\" ml-d=\"0\" mt-m=\"0\" ml-m=\"0\" center-v-m=\"false\"><span style=\"\"><\/span><\/span><\/p>\n<h3 style=\"\">Maridaje: una experiencia sensorial<\/h3>\n<p style=\"font-size: 16px !important;\">Recorre Espa\u00f1a con los 5 sentidos, 5 vinos y 5 productos de origen nacional. Descubre los sabores, matices y los secretos que hay detr\u00e1s de un buen vino.<\/p>\n<p><span style=\"\"><img decoding=\"async\" alt=\"\" data-id=\"13568\" width=\"416\" data-init-width=\"720\" height=\"392\" data-init-height=\"524\" title=\"ESPUMOSOS CATALANES\" loading=\"lazy\" src=\"https:\/\/www.hotelpraktikvinoteca.com\/wp-content\/uploads\/sites\/20\/ESPUMOSOS-CATALANES.jpg\" data-width=\"416\" data-height=\"392\" style=\"aspect-ratio: auto 720 \/ 524;\" mt-d=\"0\" center-v-d=\"false\" ml-d=\"0\" mt-m=\"0\" ml-m=\"0\" center-v-m=\"false\"><span style=\"\"><\/span><\/span><\/p>\n<h3 style=\"\">Cata con chispa<\/h3>\n<p style=\"font-size: 16px !important;\">Disfruta de 4 vinos espumosos catalanes donde podr\u00e1s degustar Cava, Corpinat, Classic Pened\u00e9s y Ancestral. Profundiza en el conocimiento de los vinos espumosos.<\/p>\n<p style=\"text-align: center;\">&#8230;para Grupos &amp; Teambuilding&nbsp;<\/p>\n<p><span style=\"\"><img decoding=\"async\" alt=\"\" data-id=\"13628\" width=\"416\" data-init-width=\"1023\" height=\"312\" data-init-height=\"768\" title=\"blind tasting\" loading=\"lazy\" src=\"https:\/\/www.hotelpraktikvinoteca.com\/wp-content\/uploads\/sites\/20\/blind-tasting.jpg\" data-width=\"416\" data-height=\"312\" style=\"aspect-ratio: auto 1023 \/ 768;\" mt-d=\"-3\" center-v-d=\"false\" ml-d=\"0\" mt-m=\"0\" ml-m=\"0\" center-v-m=\"false\"><span style=\"\"><\/span><\/span><\/p>\n<h3 style=\"\">Catas a ciegas<\/h3>\n<p style=\"font-size: 16px !important;\">Es un buen pasa tiempo y entrenamiento de las papilas gustativas para los amantes del vino, independientemente del nivel profesional de cada participante.<\/p>\n<p><span style=\"\"><img decoding=\"async\" alt=\"\" data-id=\"13615\" width=\"416\" data-init-width=\"1024\" height=\"312\" data-init-height=\"768\" title=\"wine quiz\" loading=\"lazy\" src=\"https:\/\/www.hotelpraktikvinoteca.com\/wp-content\/uploads\/sites\/20\/wine-quiz.jpg\" data-width=\"416\" data-height=\"312\" style=\"aspect-ratio: auto 1024 \/ 768;\" mt-d=\"-3\" center-v-d=\"false\" ml-d=\"0\" mt-m=\"0\" ml-m=\"0\" center-v-m=\"false\"><span style=\"\"><\/span><\/span><\/p>\n<h3 style=\"\">Wine quiz<\/h3>\n<p style=\"\">\u00bfCu\u00e1nto sabes sobre vino? Por equipos de 2-4 personas responder\u00e9is el m\u00e1ximo de preguntas para convertiros en los ganadores del concurso y llevaros el premio.<\/p>\n<p><span style=\"\"><img decoding=\"async\" alt=\"\" data-id=\"13622\" width=\"416\" data-init-width=\"800\" height=\"312\" data-init-height=\"600\" title=\"wine-school\" loading=\"lazy\" src=\"https:\/\/www.hotelpraktikvinoteca.com\/wp-content\/uploads\/sites\/20\/wine-school.jpg\" data-width=\"416\" data-height=\"312\" style=\"aspect-ratio: auto 800 \/ 600;\" mt-d=\"-3\" center-v-d=\"false\" ml-d=\"0\" mt-m=\"0\" ml-m=\"0\" center-v-m=\"false\"><span style=\"\"><\/span><\/span><\/p>\n<h3 style=\"\">Escuela de vino<\/h3>\n<p style=\"font-size: 16px !important;\">Aprende en profundidad y en grupo sobre el mundo del vino. Conoce variedades y bodegas de diferentes zonas y denominaciones de origen para converirte en un peque\u00f1o experto.<\/p>\n<p style=\"text-align: center;\">We are Barcelona<\/p>\n<p style=\"text-align: center;\">We are Barcelona<\/p>\n<p style=\"\">We are Barcelona<\/p>\n","protected":false},"excerpt":{"rendered":"<p>La Vinoteca Disfruta la experiencia Praktik Vinoteca al completo con una de nuestras catas. De nuestra selecci\u00f3n de vinos un experto somellier te ense\u00f1ar\u00e1 los entresijos de diferentes denominaciones de origen, regiones y tipolog\u00edas. Escoge tu cata preferida y sum\u00e9rgete como un experto en el mundo vin\u00edcola.&nbsp; Nuestras Catas Tradici\u00f3n Vin\u00edcola de DO Si eres [&hellip;]<\/p>\n","protected":false},"author":8,"featured_media":11561,"parent":2,"menu_order":0,"comment_status":"closed","ping_status":"closed","template":"","meta":{"inline_featured_image":false,"footnotes":""},"class_list":["post-13559","page","type-page","status-publish","has-post-thumbnail","hentry","post-wrapper","thrv_wrapper"],"yoast_head":"<!-- This site is optimized with the Yoast SEO plugin v23.2 - https:\/\/yoast.com\/wordpress\/plugins\/seo\/ -->\n<title>La Vinoteca - Hotel Praktik Vinoteca<\/title>\n<meta name=\"description\" content=\"Disfruta la experiencia Praktik Vinoteca al completo con una de nuestras catas y actividades de grupo relacionados con el mundo del vino.\" \/>\n<meta name=\"robots\" content=\"index, follow, max-snippet:-1, max-image-preview:large, max-video-preview:-1\" \/>\n<link rel=\"canonical\" href=\"https:\/\/www.hotelpraktikvinoteca.com\/es\/hotel-en-barcelona\/la-vinoteca\/\" \/>\n<meta property=\"og:locale\" content=\"es_ES\" \/>\n<meta property=\"og:type\" content=\"article\" \/>\n<meta property=\"og:title\" content=\"Servicios - Hotel Praktik Vinoteca\" \/>\n<meta property=\"og:description\" content=\"Encuentra en hotel Praktik Vinoteca todos los servicios que necesitas para disfrutar de una estancia por la ciudad tal y como deseas. \u00a1Reserva ahora!\" \/>\n<meta property=\"og:url\" content=\"https:\/\/www.hotelpraktikvinoteca.com\/es\/hotel-en-barcelona\/la-vinoteca\/\" \/>\n<meta property=\"og:site_name\" content=\"Hotel Praktik Vinoteca\" \/>\n<meta property=\"article:publisher\" content=\"https:\/\/www.facebook.com\/praktikhotels\/\" \/>\n<meta property=\"article:modified_time\" content=\"2025-10-10T12:10:36+00:00\" \/>\n<meta property=\"og:image\" content=\"https:\/\/www.hotelpraktikvinoteca.com\/wp-content\/uploads\/sites\/20\/HOTEL-PRAKTIK-VINOTECA-BARCELONA-ENTRADA.jpg\" \/>\n\t<meta property=\"og:image:width\" content=\"540\" \/>\n\t<meta property=\"og:image:height\" content=\"540\" \/>\n\t<meta property=\"og:image:type\" content=\"image\/jpeg\" \/>\n<meta name=\"twitter:card\" content=\"summary_large_image\" \/>\n<meta name=\"twitter:title\" content=\"Servicios - Hotel Praktik Vinoteca\" \/>\n<meta name=\"twitter:description\" content=\"Encuentra en hotel Praktik Vinoteca todos los servicios que necesitas para disfrutar de una estancia por la ciudad tal y como deseas. \u00a1Reserva ahora!\" \/>\n<meta name=\"twitter:site\" content=\"@praktikhotels\" \/>\n<meta name=\"twitter:label1\" content=\"Tiempo de lectura\" \/>\n\t<meta name=\"twitter:data1\" content=\"3 minutos\" \/>\n<script type=\"application\/ld+json\" class=\"yoast-schema-graph\">{\"@context\":\"https:\/\/schema.org\",\"@graph\":[{\"@type\":\"Article\",\"@id\":\"https:\/\/www.hotelpraktikvinoteca.com\/es\/hotel-en-barcelona\/la-vinoteca\/#article\",\"isPartOf\":{\"@id\":\"https:\/\/www.hotelpraktikvinoteca.com\/es\/hotel-en-barcelona\/la-vinoteca\/\"},\"author\":{\"name\":\"rafael\",\"@id\":\"\/#\/schema\/person\/61e004cfc07e8b9ece2c609d802040a8\"},\"headline\":\"La Vinoteca\",\"datePublished\":\"2024-03-21T14:54:47+00:00\",\"dateModified\":\"2025-10-10T12:10:36+00:00\",\"mainEntityOfPage\":{\"@id\":\"https:\/\/www.hotelpraktikvinoteca.com\/es\/hotel-en-barcelona\/la-vinoteca\/\"},\"wordCount\":254,\"publisher\":{\"@id\":\"\/#organization\"},\"image\":{\"@id\":\"https:\/\/www.hotelpraktikvinoteca.com\/es\/hotel-en-barcelona\/la-vinoteca\/#primaryimage\"},\"thumbnailUrl\":\"https:\/\/www.hotelpraktikvinoteca.com\/wp-content\/uploads\/sites\/20\/HOTEL-PRAKTIK-VINOTECA-BARCELONA-ENTRADA.jpg\",\"inLanguage\":\"es\"},{\"@type\":\"WebPage\",\"@id\":\"https:\/\/www.hotelpraktikvinoteca.com\/es\/hotel-en-barcelona\/la-vinoteca\/\",\"url\":\"https:\/\/www.hotelpraktikvinoteca.com\/es\/hotel-en-barcelona\/la-vinoteca\/\",\"name\":\"La Vinoteca - Hotel Praktik Vinoteca\",\"isPartOf\":{\"@id\":\"\/#website\"},\"primaryImageOfPage\":{\"@id\":\"https:\/\/www.hotelpraktikvinoteca.com\/es\/hotel-en-barcelona\/la-vinoteca\/#primaryimage\"},\"image\":{\"@id\":\"https:\/\/www.hotelpraktikvinoteca.com\/es\/hotel-en-barcelona\/la-vinoteca\/#primaryimage\"},\"thumbnailUrl\":\"https:\/\/www.hotelpraktikvinoteca.com\/wp-content\/uploads\/sites\/20\/HOTEL-PRAKTIK-VINOTECA-BARCELONA-ENTRADA.jpg\",\"datePublished\":\"2024-03-21T14:54:47+00:00\",\"dateModified\":\"2025-10-10T12:10:36+00:00\",\"description\":\"Disfruta la experiencia Praktik Vinoteca al completo con una de nuestras catas y actividades de grupo relacionados con el mundo del vino.\",\"breadcrumb\":{\"@id\":\"https:\/\/www.hotelpraktikvinoteca.com\/es\/hotel-en-barcelona\/la-vinoteca\/#breadcrumb\"},\"inLanguage\":\"es\",\"potentialAction\":[{\"@type\":\"ReadAction\",\"target\":[\"https:\/\/www.hotelpraktikvinoteca.com\/es\/hotel-en-barcelona\/la-vinoteca\/\"]}]},{\"@type\":\"ImageObject\",\"inLanguage\":\"es\",\"@id\":\"https:\/\/www.hotelpraktikvinoteca.com\/es\/hotel-en-barcelona\/la-vinoteca\/#primaryimage\",\"url\":\"https:\/\/www.hotelpraktikvinoteca.com\/wp-content\/uploads\/sites\/20\/HOTEL-PRAKTIK-VINOTECA-BARCELONA-ENTRADA.jpg\",\"contentUrl\":\"https:\/\/www.hotelpraktikvinoteca.com\/wp-content\/uploads\/sites\/20\/HOTEL-PRAKTIK-VINOTECA-BARCELONA-ENTRADA.jpg\",\"width\":540,\"height\":540,\"caption\":\"HOTEL-PRAKTIK-VINOTECA-BARCELONA-ENTRADA\"},{\"@type\":\"BreadcrumbList\",\"@id\":\"https:\/\/www.hotelpraktikvinoteca.com\/es\/hotel-en-barcelona\/la-vinoteca\/#breadcrumb\",\"itemListElement\":[{\"@type\":\"ListItem\",\"position\":1,\"name\":\"Portada\",\"item\":\"https:\/\/www.hotelpraktikvinoteca.com\/es\/\"},{\"@type\":\"ListItem\",\"position\":2,\"name\":\"Hotel en Barcelona\",\"item\":\"https:\/\/www.hotelpraktikvinoteca.com\/es\/\"},{\"@type\":\"ListItem\",\"position\":3,\"name\":\"La Vinoteca\"}]},{\"@type\":\"WebSite\",\"@id\":\"\/#website\",\"url\":\"\/\",\"name\":\"Hotel Praktik Vinoteca\",\"description\":\"Un hotel con sabor a vino\",\"publisher\":{\"@id\":\"\/#organization\"},\"potentialAction\":[{\"@type\":\"SearchAction\",\"target\":{\"@type\":\"EntryPoint\",\"urlTemplate\":\"\/?s={search_term_string}\"},\"query-input\":\"required name=search_term_string\"}],\"inLanguage\":\"es\"},{\"@type\":\"Organization\",\"@id\":\"\/#organization\",\"name\":\"Hotel Praktik Vinoteca\",\"url\":\"\/\",\"logo\":{\"@type\":\"ImageObject\",\"inLanguage\":\"es\",\"@id\":\"\/#\/schema\/logo\/image\/\",\"url\":\"https:\/\/www.hotelpraktikvinoteca.com\/wp-content\/uploads\/sites\/20\/2022\/11\/praktik-vinoteca-habitacion01.jpg\",\"contentUrl\":\"https:\/\/www.hotelpraktikvinoteca.com\/wp-content\/uploads\/sites\/20\/2022\/11\/praktik-vinoteca-habitacion01.jpg\",\"width\":960,\"height\":635,\"caption\":\"Hotel Praktik Vinoteca\"},\"image\":{\"@id\":\"\/#\/schema\/logo\/image\/\"},\"sameAs\":[\"https:\/\/www.facebook.com\/praktikhotels\/\",\"https:\/\/x.com\/praktikhotels\",\"https:\/\/www.instagram.com\/praktikhotels\/\"]},{\"@type\":\"Person\",\"@id\":\"\/#\/schema\/person\/61e004cfc07e8b9ece2c609d802040a8\",\"name\":\"rafael\",\"image\":{\"@type\":\"ImageObject\",\"inLanguage\":\"es\",\"@id\":\"\/#\/schema\/person\/image\/\",\"url\":\"https:\/\/secure.gravatar.com\/avatar\/cb4edff202b9612138e69e647bfe79b3?s=96&d=mm&r=g\",\"contentUrl\":\"https:\/\/secure.gravatar.com\/avatar\/cb4edff202b9612138e69e647bfe79b3?s=96&d=mm&r=g\",\"caption\":\"rafael\"}}]}<\/script>\n<!-- \/ Yoast SEO plugin. -->","yoast_head_json":{"title":"La Vinoteca - Hotel Praktik Vinoteca","description":"Disfruta la experiencia Praktik Vinoteca al completo con una de nuestras catas y actividades de grupo relacionados con el mundo del vino.","robots":{"index":"index","follow":"follow","max-snippet":"max-snippet:-1","max-image-preview":"max-image-preview:large","max-video-preview":"max-video-preview:-1"},"canonical":"https:\/\/www.hotelpraktikvinoteca.com\/es\/hotel-en-barcelona\/la-vinoteca\/","og_locale":"es_ES","og_type":"article","og_title":"Servicios - Hotel Praktik Vinoteca","og_description":"Encuentra en hotel Praktik Vinoteca todos los servicios que necesitas para disfrutar de una estancia por la ciudad tal y como deseas. \u00a1Reserva ahora!","og_url":"https:\/\/www.hotelpraktikvinoteca.com\/es\/hotel-en-barcelona\/la-vinoteca\/","og_site_name":"Hotel Praktik Vinoteca","article_publisher":"https:\/\/www.facebook.com\/praktikhotels\/","article_modified_time":"2025-10-10T12:10:36+00:00","og_image":[{"width":540,"height":540,"url":"https:\/\/www.hotelpraktikvinoteca.com\/wp-content\/uploads\/sites\/20\/HOTEL-PRAKTIK-VINOTECA-BARCELONA-ENTRADA.jpg","type":"image\/jpeg"}],"twitter_card":"summary_large_image","twitter_title":"Servicios - Hotel Praktik Vinoteca","twitter_description":"Encuentra en hotel Praktik Vinoteca todos los servicios que necesitas para disfrutar de una estancia por la ciudad tal y como deseas. \u00a1Reserva ahora!","twitter_site":"@praktikhotels","twitter_misc":{"Tiempo de lectura":"3 minutos"},"schema":{"@context":"https:\/\/schema.org","@graph":[{"@type":"Article","@id":"https:\/\/www.hotelpraktikvinoteca.com\/es\/hotel-en-barcelona\/la-vinoteca\/#article","isPartOf":{"@id":"https:\/\/www.hotelpraktikvinoteca.com\/es\/hotel-en-barcelona\/la-vinoteca\/"},"author":{"name":"rafael","@id":"\/#\/schema\/person\/61e004cfc07e8b9ece2c609d802040a8"},"headline":"La Vinoteca","datePublished":"2024-03-21T14:54:47+00:00","dateModified":"2025-10-10T12:10:36+00:00","mainEntityOfPage":{"@id":"https:\/\/www.hotelpraktikvinoteca.com\/es\/hotel-en-barcelona\/la-vinoteca\/"},"wordCount":254,"publisher":{"@id":"\/#organization"},"image":{"@id":"https:\/\/www.hotelpraktikvinoteca.com\/es\/hotel-en-barcelona\/la-vinoteca\/#primaryimage"},"thumbnailUrl":"https:\/\/www.hotelpraktikvinoteca.com\/wp-content\/uploads\/sites\/20\/HOTEL-PRAKTIK-VINOTECA-BARCELONA-ENTRADA.jpg","inLanguage":"es"},{"@type":"WebPage","@id":"https:\/\/www.hotelpraktikvinoteca.com\/es\/hotel-en-barcelona\/la-vinoteca\/","url":"https:\/\/www.hotelpraktikvinoteca.com\/es\/hotel-en-barcelona\/la-vinoteca\/","name":"La Vinoteca - Hotel Praktik Vinoteca","isPartOf":{"@id":"\/#website"},"primaryImageOfPage":{"@id":"https:\/\/www.hotelpraktikvinoteca.com\/es\/hotel-en-barcelona\/la-vinoteca\/#primaryimage"},"image":{"@id":"https:\/\/www.hotelpraktikvinoteca.com\/es\/hotel-en-barcelona\/la-vinoteca\/#primaryimage"},"thumbnailUrl":"https:\/\/www.hotelpraktikvinoteca.com\/wp-content\/uploads\/sites\/20\/HOTEL-PRAKTIK-VINOTECA-BARCELONA-ENTRADA.jpg","datePublished":"2024-03-21T14:54:47+00:00","dateModified":"2025-10-10T12:10:36+00:00","description":"Disfruta la experiencia Praktik Vinoteca al completo con una de nuestras catas y actividades de grupo relacionados con el mundo del vino.","breadcrumb":{"@id":"https:\/\/www.hotelpraktikvinoteca.com\/es\/hotel-en-barcelona\/la-vinoteca\/#breadcrumb"},"inLanguage":"es","potentialAction":[{"@type":"ReadAction","target":["https:\/\/www.hotelpraktikvinoteca.com\/es\/hotel-en-barcelona\/la-vinoteca\/"]}]},{"@type":"ImageObject","inLanguage":"es","@id":"https:\/\/www.hotelpraktikvinoteca.com\/es\/hotel-en-barcelona\/la-vinoteca\/#primaryimage","url":"https:\/\/www.hotelpraktikvinoteca.com\/wp-content\/uploads\/sites\/20\/HOTEL-PRAKTIK-VINOTECA-BARCELONA-ENTRADA.jpg","contentUrl":"https:\/\/www.hotelpraktikvinoteca.com\/wp-content\/uploads\/sites\/20\/HOTEL-PRAKTIK-VINOTECA-BARCELONA-ENTRADA.jpg","width":540,"height":540,"caption":"HOTEL-PRAKTIK-VINOTECA-BARCELONA-ENTRADA"},{"@type":"BreadcrumbList","@id":"https:\/\/www.hotelpraktikvinoteca.com\/es\/hotel-en-barcelona\/la-vinoteca\/#breadcrumb","itemListElement":[{"@type":"ListItem","position":1,"name":"Portada","item":"https:\/\/www.hotelpraktikvinoteca.com\/es\/"},{"@type":"ListItem","position":2,"name":"Hotel en Barcelona","item":"https:\/\/www.hotelpraktikvinoteca.com\/es\/"},{"@type":"ListItem","position":3,"name":"La Vinoteca"}]},{"@type":"WebSite","@id":"\/#website","url":"\/","name":"Hotel Praktik Vinoteca","description":"Un hotel con sabor a vino","publisher":{"@id":"\/#organization"},"potentialAction":[{"@type":"SearchAction","target":{"@type":"EntryPoint","urlTemplate":"\/?s={search_term_string}"},"query-input":"required name=search_term_string"}],"inLanguage":"es"},{"@type":"Organization","@id":"\/#organization","name":"Hotel Praktik Vinoteca","url":"\/","logo":{"@type":"ImageObject","inLanguage":"es","@id":"\/#\/schema\/logo\/image\/","url":"https:\/\/www.hotelpraktikvinoteca.com\/wp-content\/uploads\/sites\/20\/2022\/11\/praktik-vinoteca-habitacion01.jpg","contentUrl":"https:\/\/www.hotelpraktikvinoteca.com\/wp-content\/uploads\/sites\/20\/2022\/11\/praktik-vinoteca-habitacion01.jpg","width":960,"height":635,"caption":"Hotel Praktik Vinoteca"},"image":{"@id":"\/#\/schema\/logo\/image\/"},"sameAs":["https:\/\/www.facebook.com\/praktikhotels\/","https:\/\/x.com\/praktikhotels","https:\/\/www.instagram.com\/praktikhotels\/"]},{"@type":"Person","@id":"\/#\/schema\/person\/61e004cfc07e8b9ece2c609d802040a8","name":"rafael","image":{"@type":"ImageObject","inLanguage":"es","@id":"\/#\/schema\/person\/image\/","url":"https:\/\/secure.gravatar.com\/avatar\/cb4edff202b9612138e69e647bfe79b3?s=96&d=mm&r=g","contentUrl":"https:\/\/secure.gravatar.com\/avatar\/cb4edff202b9612138e69e647bfe79b3?s=96&d=mm&r=g","caption":"rafael"}}]}},"_links":{"self":[{"href":"https:\/\/www.hotelpraktikvinoteca.com\/es\/wp-json\/wp\/v2\/pages\/13559"}],"collection":[{"href":"https:\/\/www.hotelpraktikvinoteca.com\/es\/wp-json\/wp\/v2\/pages"}],"about":[{"href":"https:\/\/www.hotelpraktikvinoteca.com\/es\/wp-json\/wp\/v2\/types\/page"}],"author":[{"embeddable":true,"href":"https:\/\/www.hotelpraktikvinoteca.com\/es\/wp-json\/wp\/v2\/users\/8"}],"replies":[{"embeddable":true,"href":"https:\/\/www.hotelpraktikvinoteca.com\/es\/wp-json\/wp\/v2\/comments?post=13559"}],"version-history":[{"count":79,"href":"https:\/\/www.hotelpraktikvinoteca.com\/es\/wp-json\/wp\/v2\/pages\/13559\/revisions"}],"predecessor-version":[{"id":14243,"href":"https:\/\/www.hotelpraktikvinoteca.com\/es\/wp-json\/wp\/v2\/pages\/13559\/revisions\/14243"}],"up":[{"embeddable":true,"href":"https:\/\/www.hotelpraktikvinoteca.com\/es\/wp-json\/wp\/v2\/pages\/2"}],"wp:featuredmedia":[{"embeddable":true,"href":"https:\/\/www.hotelpraktikvinoteca.com\/es\/wp-json\/wp\/v2\/media\/11561"}],"wp:attachment":[{"href":"https:\/\/www.hotelpraktikvinoteca.com\/es\/wp-json\/wp\/v2\/media?parent=13559"}],"curies":[{"name":"wp","href":"https:\/\/api.w.org\/{rel}","templated":true}]}}