{"id":13642,"date":"2024-03-21T14:54:47","date_gmt":"2024-03-21T14:54:47","guid":{"rendered":"https:\/\/www.hotelpraktikvinoteca.com\/?page_id=13642"},"modified":"2025-10-10T12:12:09","modified_gmt":"2025-10-10T12:12:09","slug":"la-vinoteca","status":"publish","type":"page","link":"https:\/\/www.hotelpraktikvinoteca.com\/fr\/hotel-a-barcelone\/la-vinoteca\/","title":{"rendered":"La Vinoteca"},"content":{"rendered":"<h1 style=\"text-align: center;\">La Vinoteca<\/h1>\n<p style=\"text-align: center;\">Profitez de l&#8217;exp\u00e9rience compl\u00e8te Praktik Vinoteca avec l&#8217;une de nos d\u00e9gustations. A partir de notre s\u00e9lection de vins, un sommelier expert vous fera d\u00e9couvrir les tenants et les aboutissants des diff\u00e9rentes appellations d&#8217;origine, r\u00e9gions et typologies. Choisissez votre d\u00e9gustation pr\u00e9f\u00e9r\u00e9e et plongez-vous en tant qu&#8217;expert dans le monde du vin.<\/p>\n<p style=\"text-align: center;\">Nos D\u00e9gustations<\/p>\n<p><span style=\"\"><img decoding=\"async\" alt=\"\" data-id=\"13589\" width=\"416\" data-init-width=\"850\" height=\"392\" data-init-height=\"800\" title=\"VINOS CATALANES\" loading=\"lazy\" src=\"https:\/\/www.hotelpraktikvinoteca.com\/wp-content\/uploads\/sites\/20\/VINOS-CATALANES.webp\" data-width=\"416\" data-height=\"392\" style=\"aspect-ratio: auto 850 \/ 800;\" mt-d=\"0\" center-v-d=\"false\" ml-d=\"0\" mt-m=\"0\" ml-m=\"0\" center-v-m=\"false\"><span style=\"\"><\/span><\/span><\/p>\n<h3 style=\"\">DO Vin Tradition<\/h3>\n<p style=\"\">Si vous \u00eates amateur de vin, vous ne pouvez pas manquer les grandes appellations d&#8217;origine nationales. Profitez de notre d\u00e9gustation de 4 vins s\u00e9lectionn\u00e9s par des sommeliers et d\u00e9couvrez les joyaux du pays.<\/p>\n<p><span style=\"\"><img decoding=\"async\" alt=\"\" data-id=\"13582\" width=\"416\" data-init-width=\"800\" height=\"392\" data-init-height=\"534\" title=\"MARIDAJE\" loading=\"lazy\" src=\"https:\/\/www.hotelpraktikvinoteca.com\/wp-content\/uploads\/sites\/20\/MARIDAJE-1.jpg\" data-width=\"416\" data-height=\"392\" style=\"aspect-ratio: auto 800 \/ 534;\" mt-d=\"0\" center-v-d=\"false\" ml-d=\"0\" mt-m=\"0\" ml-m=\"0\" center-v-m=\"false\"><span style=\"\"><\/span><\/span><\/p>\n<h3>Appariement : une exp\u00e9rience sensorielle<\/h3>\n<p style=\"font-size: 16px !important;\">Explorez l&#8217;Espagne avec vos 5 sens, 5 vins et 5 produits d&#8217;origine nationale. D\u00e9couvrez les saveurs, les nuances et les secrets d&#8217;un bon vin.<\/p>\n<p style=\"font-size: 16px !important;\">\n<p style=\"font-size: 16px !important;\">\n<p><span style=\"\"><img decoding=\"async\" alt=\"\" data-id=\"13568\" width=\"416\" data-init-width=\"720\" height=\"392\" data-init-height=\"524\" title=\"ESPUMOSOS CATALANES\" loading=\"lazy\" src=\"https:\/\/www.hotelpraktikvinoteca.com\/wp-content\/uploads\/sites\/20\/ESPUMOSOS-CATALANES.jpg\" data-width=\"416\" data-height=\"392\" style=\"aspect-ratio: auto 720 \/ 524;\" mt-d=\"0\" center-v-d=\"false\" ml-d=\"0\" mt-m=\"0\" ml-m=\"0\" center-v-m=\"false\"><span style=\"\"><\/span><\/span><\/p>\n<h3 style=\"\">D\u00e9gustation avec \u00e9tincelle<\/h3>\n<p style=\"font-size: 16px !important;\">Profitez de 4 vins mousseux catalans o\u00f9 vous pourrez d\u00e9guster Cava, Corpinat, Classic Pened\u00e9s et Ancestral. Approfondissez vos connaissances sur les vins effervescents.<\/p>\n<p style=\"font-size: 16px !important;\">\n<p style=\"text-align: center;\">&#8230;pour les groupes et le teambuilding<\/p>\n<p><span style=\"\"><img decoding=\"async\" alt=\"\" data-id=\"13628\" width=\"416\" data-init-width=\"1023\" height=\"312\" data-init-height=\"768\" title=\"blind tasting\" loading=\"lazy\" src=\"https:\/\/www.hotelpraktikvinoteca.com\/wp-content\/uploads\/sites\/20\/blind-tasting.jpg\" data-width=\"416\" data-height=\"312\" style=\"aspect-ratio: auto 1023 \/ 768;\" mt-d=\"-3\" center-v-d=\"false\" ml-d=\"0\" mt-m=\"0\" ml-m=\"0\" center-v-m=\"false\"><span style=\"\"><\/span><\/span><\/p>\n<h3 style=\"\">D\u00e9gustations \u00e0 l&#8217;aveugle<\/h3>\n<p style=\"font-size: 16px !important;\">C&#8217;est un bon moment de passe-temps et d&#8217;entra\u00eenement des papilles pour les amateurs de vins, quel que soit le niveau professionnel de chaque participant.<\/p>\n<p><span style=\"\"><img decoding=\"async\" alt=\"\" data-id=\"13615\" width=\"416\" data-init-width=\"1024\" height=\"312\" data-init-height=\"768\" title=\"wine quiz\" loading=\"lazy\" src=\"https:\/\/www.hotelpraktikvinoteca.com\/wp-content\/uploads\/sites\/20\/wine-quiz.jpg\" data-width=\"416\" data-height=\"312\" style=\"aspect-ratio: auto 1024 \/ 768;\" mt-d=\"-3\" center-v-d=\"false\" ml-d=\"0\" mt-m=\"0\" ml-m=\"0\" center-v-m=\"false\"><span style=\"\"><\/span><\/span><\/p>\n<h3 style=\"\">Wine quiz<\/h3>\n<p style=\"\">Que savez-vous du vin? En \u00e9quipes de 2 \u00e0 4 personnes, vous r\u00e9pondrez \u00e0 un maximum de questions pour devenir les gagnants du concours et remporter le prix.<\/p>\n<p><span style=\"\"><img decoding=\"async\" alt=\"\" data-id=\"13622\" width=\"416\" data-init-width=\"800\" height=\"312\" data-init-height=\"600\" title=\"wine-school\" loading=\"lazy\" src=\"https:\/\/www.hotelpraktikvinoteca.com\/wp-content\/uploads\/sites\/20\/wine-school.jpg\" data-width=\"416\" data-height=\"312\" style=\"aspect-ratio: auto 800 \/ 600;\" mt-d=\"-3\" center-v-d=\"false\" ml-d=\"0\" mt-m=\"0\" ml-m=\"0\" center-v-m=\"false\"><span style=\"\"><\/span><\/span><\/p>\n<h3 style=\"\">\u00c9cole du vin<\/h3>\n<p style=\"font-size: 16px !important;\">Apprenez en profondeur et en groupe le monde du vin. D\u00e9couvrez les c\u00e9pages et les vignobles de diff\u00e9rentes r\u00e9gions et appellations d&#8217;origine pour devenir un petit expert.<\/p>\n<p style=\"text-align: center;\">We are Barcelona<\/p>\n<p style=\"text-align: center;\">We are Barcelona<\/p>\n<p style=\"\">We are Barcelona<\/p>\n","protected":false},"excerpt":{"rendered":"<p>La Vinoteca Profitez de l&#8217;exp\u00e9rience compl\u00e8te Praktik Vinoteca avec l&#8217;une de nos d\u00e9gustations. A partir de notre s\u00e9lection de vins, un sommelier expert vous fera d\u00e9couvrir les tenants et les aboutissants des diff\u00e9rentes appellations d&#8217;origine, r\u00e9gions et typologies. Choisissez votre d\u00e9gustation pr\u00e9f\u00e9r\u00e9e et plongez-vous en tant qu&#8217;expert dans le monde du vin. Nos D\u00e9gustations DO [&hellip;]<\/p>\n","protected":false},"author":8,"featured_media":11564,"parent":7574,"menu_order":0,"comment_status":"closed","ping_status":"closed","template":"","meta":{"inline_featured_image":false,"footnotes":""},"class_list":["post-13642","page","type-page","status-publish","has-post-thumbnail","hentry","post-wrapper","thrv_wrapper"],"yoast_head":"<!-- This site is optimized with the Yoast SEO plugin v23.2 - https:\/\/yoast.com\/wordpress\/plugins\/seo\/ -->\n<title>La Vinoteca - Hotel Praktik Vinoteca<\/title>\n<meta name=\"description\" content=\"Profitez pleinement de l&#039;exp\u00e9rience Praktik Vinoteca avec l&#039;une de nos d\u00e9gustations et activit\u00e9s de groupe li\u00e9es au monde du vin.\" \/>\n<meta name=\"robots\" content=\"index, follow, max-snippet:-1, max-image-preview:large, max-video-preview:-1\" \/>\n<link rel=\"canonical\" href=\"https:\/\/www.hotelpraktikvinoteca.com\/fr\/hotel-a-barcelone\/la-vinoteca\/\" \/>\n<meta property=\"og:locale\" content=\"fr_FR\" \/>\n<meta property=\"og:type\" content=\"article\" \/>\n<meta property=\"og:title\" content=\"Servicios - Hotel Praktik Vinoteca\" \/>\n<meta property=\"og:description\" content=\"Encuentra en hotel Praktik Vinoteca todos los servicios que necesitas para disfrutar de una estancia por la ciudad tal y como deseas. \u00a1Reserva ahora!\" \/>\n<meta property=\"og:url\" content=\"https:\/\/www.hotelpraktikvinoteca.com\/fr\/hotel-a-barcelone\/la-vinoteca\/\" \/>\n<meta property=\"og:site_name\" content=\"Hotel Praktik Vinoteca\" \/>\n<meta property=\"article:publisher\" content=\"https:\/\/www.facebook.com\/praktikhotels\/\" \/>\n<meta property=\"article:modified_time\" content=\"2025-10-10T12:12:09+00:00\" \/>\n<meta property=\"og:image\" content=\"https:\/\/www.hotelpraktikvinoteca.com\/wp-content\/uploads\/sites\/20\/HOTEL-PRAKTIK-VINOTECA-BARCELONA-ENTRADA.jpg\" \/>\n\t<meta property=\"og:image:width\" content=\"540\" \/>\n\t<meta property=\"og:image:height\" content=\"540\" \/>\n\t<meta property=\"og:image:type\" content=\"image\/jpeg\" \/>\n<meta name=\"twitter:card\" content=\"summary_large_image\" \/>\n<meta name=\"twitter:title\" content=\"Servicios - Hotel Praktik Vinoteca\" \/>\n<meta name=\"twitter:description\" content=\"Encuentra en hotel Praktik Vinoteca todos los servicios que necesitas para disfrutar de una estancia por la ciudad tal y como deseas. \u00a1Reserva ahora!\" \/>\n<meta name=\"twitter:site\" content=\"@praktikhotels\" \/>\n<meta name=\"twitter:label1\" content=\"Dur\u00e9e de lecture estim\u00e9e\" \/>\n\t<meta name=\"twitter:data1\" content=\"3 minutes\" \/>\n<script type=\"application\/ld+json\" class=\"yoast-schema-graph\">{\"@context\":\"https:\/\/schema.org\",\"@graph\":[{\"@type\":\"Article\",\"@id\":\"https:\/\/www.hotelpraktikvinoteca.com\/fr\/hotel-a-barcelone\/la-vinoteca\/#article\",\"isPartOf\":{\"@id\":\"https:\/\/www.hotelpraktikvinoteca.com\/fr\/hotel-a-barcelone\/la-vinoteca\/\"},\"author\":{\"name\":\"rafael\",\"@id\":\"\/#\/schema\/person\/61e004cfc07e8b9ece2c609d802040a8\"},\"headline\":\"La Vinoteca\",\"datePublished\":\"2024-03-21T14:54:47+00:00\",\"dateModified\":\"2025-10-10T12:12:09+00:00\",\"mainEntityOfPage\":{\"@id\":\"https:\/\/www.hotelpraktikvinoteca.com\/fr\/hotel-a-barcelone\/la-vinoteca\/\"},\"wordCount\":278,\"publisher\":{\"@id\":\"\/#organization\"},\"image\":{\"@id\":\"https:\/\/www.hotelpraktikvinoteca.com\/fr\/hotel-a-barcelone\/la-vinoteca\/#primaryimage\"},\"thumbnailUrl\":\"https:\/\/www.hotelpraktikvinoteca.com\/wp-content\/uploads\/sites\/20\/HOTEL-PRAKTIK-VINOTECA-BARCELONA-ENTRADA.jpg\",\"inLanguage\":\"fr-FR\"},{\"@type\":\"WebPage\",\"@id\":\"https:\/\/www.hotelpraktikvinoteca.com\/fr\/hotel-a-barcelone\/la-vinoteca\/\",\"url\":\"https:\/\/www.hotelpraktikvinoteca.com\/fr\/hotel-a-barcelone\/la-vinoteca\/\",\"name\":\"La Vinoteca - Hotel Praktik Vinoteca\",\"isPartOf\":{\"@id\":\"\/#website\"},\"primaryImageOfPage\":{\"@id\":\"https:\/\/www.hotelpraktikvinoteca.com\/fr\/hotel-a-barcelone\/la-vinoteca\/#primaryimage\"},\"image\":{\"@id\":\"https:\/\/www.hotelpraktikvinoteca.com\/fr\/hotel-a-barcelone\/la-vinoteca\/#primaryimage\"},\"thumbnailUrl\":\"https:\/\/www.hotelpraktikvinoteca.com\/wp-content\/uploads\/sites\/20\/HOTEL-PRAKTIK-VINOTECA-BARCELONA-ENTRADA.jpg\",\"datePublished\":\"2024-03-21T14:54:47+00:00\",\"dateModified\":\"2025-10-10T12:12:09+00:00\",\"description\":\"Profitez pleinement de l'exp\u00e9rience Praktik Vinoteca avec l'une de nos d\u00e9gustations et activit\u00e9s de groupe li\u00e9es au monde du vin.\",\"breadcrumb\":{\"@id\":\"https:\/\/www.hotelpraktikvinoteca.com\/fr\/hotel-a-barcelone\/la-vinoteca\/#breadcrumb\"},\"inLanguage\":\"fr-FR\",\"potentialAction\":[{\"@type\":\"ReadAction\",\"target\":[\"https:\/\/www.hotelpraktikvinoteca.com\/fr\/hotel-a-barcelone\/la-vinoteca\/\"]}]},{\"@type\":\"ImageObject\",\"inLanguage\":\"fr-FR\",\"@id\":\"https:\/\/www.hotelpraktikvinoteca.com\/fr\/hotel-a-barcelone\/la-vinoteca\/#primaryimage\",\"url\":\"https:\/\/www.hotelpraktikvinoteca.com\/wp-content\/uploads\/sites\/20\/HOTEL-PRAKTIK-VINOTECA-BARCELONA-ENTRADA.jpg\",\"contentUrl\":\"https:\/\/www.hotelpraktikvinoteca.com\/wp-content\/uploads\/sites\/20\/HOTEL-PRAKTIK-VINOTECA-BARCELONA-ENTRADA.jpg\",\"width\":540,\"height\":540,\"caption\":\"HOTEL-PRAKTIK-VINOTECA-BARCELONA-ENTRADA\"},{\"@type\":\"BreadcrumbList\",\"@id\":\"https:\/\/www.hotelpraktikvinoteca.com\/fr\/hotel-a-barcelone\/la-vinoteca\/#breadcrumb\",\"itemListElement\":[{\"@type\":\"ListItem\",\"position\":1,\"name\":\"Portada\",\"item\":\"https:\/\/www.hotelpraktikvinoteca.com\/fr\/\"},{\"@type\":\"ListItem\",\"position\":2,\"name\":\"Hotel a Barcelone\",\"item\":\"https:\/\/www.hotelpraktikvinoteca.com\/fr\/\"},{\"@type\":\"ListItem\",\"position\":3,\"name\":\"La Vinoteca\"}]},{\"@type\":\"WebSite\",\"@id\":\"\/#website\",\"url\":\"\/\",\"name\":\"Hotel Praktik Vinoteca\",\"description\":\"Un hotel con sabor a vino\",\"publisher\":{\"@id\":\"\/#organization\"},\"potentialAction\":[{\"@type\":\"SearchAction\",\"target\":{\"@type\":\"EntryPoint\",\"urlTemplate\":\"\/?s={search_term_string}\"},\"query-input\":\"required name=search_term_string\"}],\"inLanguage\":\"fr-FR\"},{\"@type\":\"Organization\",\"@id\":\"\/#organization\",\"name\":\"Hotel Praktik Vinoteca\",\"url\":\"\/\",\"logo\":{\"@type\":\"ImageObject\",\"inLanguage\":\"fr-FR\",\"@id\":\"\/#\/schema\/logo\/image\/\",\"url\":\"https:\/\/www.hotelpraktikvinoteca.com\/wp-content\/uploads\/sites\/20\/2022\/11\/praktik-vinoteca-habitacion01.jpg\",\"contentUrl\":\"https:\/\/www.hotelpraktikvinoteca.com\/wp-content\/uploads\/sites\/20\/2022\/11\/praktik-vinoteca-habitacion01.jpg\",\"width\":960,\"height\":635,\"caption\":\"Hotel Praktik Vinoteca\"},\"image\":{\"@id\":\"\/#\/schema\/logo\/image\/\"},\"sameAs\":[\"https:\/\/www.facebook.com\/praktikhotels\/\",\"https:\/\/x.com\/praktikhotels\",\"https:\/\/www.instagram.com\/praktikhotels\/\"]},{\"@type\":\"Person\",\"@id\":\"\/#\/schema\/person\/61e004cfc07e8b9ece2c609d802040a8\",\"name\":\"rafael\",\"image\":{\"@type\":\"ImageObject\",\"inLanguage\":\"fr-FR\",\"@id\":\"\/#\/schema\/person\/image\/\",\"url\":\"https:\/\/secure.gravatar.com\/avatar\/cb4edff202b9612138e69e647bfe79b3?s=96&d=mm&r=g\",\"contentUrl\":\"https:\/\/secure.gravatar.com\/avatar\/cb4edff202b9612138e69e647bfe79b3?s=96&d=mm&r=g\",\"caption\":\"rafael\"}}]}<\/script>\n<!-- \/ Yoast SEO plugin. -->","yoast_head_json":{"title":"La Vinoteca - Hotel Praktik Vinoteca","description":"Profitez pleinement de l'exp\u00e9rience Praktik Vinoteca avec l'une de nos d\u00e9gustations et activit\u00e9s de groupe li\u00e9es au monde du vin.","robots":{"index":"index","follow":"follow","max-snippet":"max-snippet:-1","max-image-preview":"max-image-preview:large","max-video-preview":"max-video-preview:-1"},"canonical":"https:\/\/www.hotelpraktikvinoteca.com\/fr\/hotel-a-barcelone\/la-vinoteca\/","og_locale":"fr_FR","og_type":"article","og_title":"Servicios - Hotel Praktik Vinoteca","og_description":"Encuentra en hotel Praktik Vinoteca todos los servicios que necesitas para disfrutar de una estancia por la ciudad tal y como deseas. \u00a1Reserva ahora!","og_url":"https:\/\/www.hotelpraktikvinoteca.com\/fr\/hotel-a-barcelone\/la-vinoteca\/","og_site_name":"Hotel Praktik Vinoteca","article_publisher":"https:\/\/www.facebook.com\/praktikhotels\/","article_modified_time":"2025-10-10T12:12:09+00:00","og_image":[{"width":540,"height":540,"url":"https:\/\/www.hotelpraktikvinoteca.com\/wp-content\/uploads\/sites\/20\/HOTEL-PRAKTIK-VINOTECA-BARCELONA-ENTRADA.jpg","type":"image\/jpeg"}],"twitter_card":"summary_large_image","twitter_title":"Servicios - Hotel Praktik Vinoteca","twitter_description":"Encuentra en hotel Praktik Vinoteca todos los servicios que necesitas para disfrutar de una estancia por la ciudad tal y como deseas. \u00a1Reserva ahora!","twitter_site":"@praktikhotels","twitter_misc":{"Dur\u00e9e de lecture estim\u00e9e":"3 minutes"},"schema":{"@context":"https:\/\/schema.org","@graph":[{"@type":"Article","@id":"https:\/\/www.hotelpraktikvinoteca.com\/fr\/hotel-a-barcelone\/la-vinoteca\/#article","isPartOf":{"@id":"https:\/\/www.hotelpraktikvinoteca.com\/fr\/hotel-a-barcelone\/la-vinoteca\/"},"author":{"name":"rafael","@id":"\/#\/schema\/person\/61e004cfc07e8b9ece2c609d802040a8"},"headline":"La Vinoteca","datePublished":"2024-03-21T14:54:47+00:00","dateModified":"2025-10-10T12:12:09+00:00","mainEntityOfPage":{"@id":"https:\/\/www.hotelpraktikvinoteca.com\/fr\/hotel-a-barcelone\/la-vinoteca\/"},"wordCount":278,"publisher":{"@id":"\/#organization"},"image":{"@id":"https:\/\/www.hotelpraktikvinoteca.com\/fr\/hotel-a-barcelone\/la-vinoteca\/#primaryimage"},"thumbnailUrl":"https:\/\/www.hotelpraktikvinoteca.com\/wp-content\/uploads\/sites\/20\/HOTEL-PRAKTIK-VINOTECA-BARCELONA-ENTRADA.jpg","inLanguage":"fr-FR"},{"@type":"WebPage","@id":"https:\/\/www.hotelpraktikvinoteca.com\/fr\/hotel-a-barcelone\/la-vinoteca\/","url":"https:\/\/www.hotelpraktikvinoteca.com\/fr\/hotel-a-barcelone\/la-vinoteca\/","name":"La Vinoteca - Hotel Praktik Vinoteca","isPartOf":{"@id":"\/#website"},"primaryImageOfPage":{"@id":"https:\/\/www.hotelpraktikvinoteca.com\/fr\/hotel-a-barcelone\/la-vinoteca\/#primaryimage"},"image":{"@id":"https:\/\/www.hotelpraktikvinoteca.com\/fr\/hotel-a-barcelone\/la-vinoteca\/#primaryimage"},"thumbnailUrl":"https:\/\/www.hotelpraktikvinoteca.com\/wp-content\/uploads\/sites\/20\/HOTEL-PRAKTIK-VINOTECA-BARCELONA-ENTRADA.jpg","datePublished":"2024-03-21T14:54:47+00:00","dateModified":"2025-10-10T12:12:09+00:00","description":"Profitez pleinement de l'exp\u00e9rience Praktik Vinoteca avec l'une de nos d\u00e9gustations et activit\u00e9s de groupe li\u00e9es au monde du vin.","breadcrumb":{"@id":"https:\/\/www.hotelpraktikvinoteca.com\/fr\/hotel-a-barcelone\/la-vinoteca\/#breadcrumb"},"inLanguage":"fr-FR","potentialAction":[{"@type":"ReadAction","target":["https:\/\/www.hotelpraktikvinoteca.com\/fr\/hotel-a-barcelone\/la-vinoteca\/"]}]},{"@type":"ImageObject","inLanguage":"fr-FR","@id":"https:\/\/www.hotelpraktikvinoteca.com\/fr\/hotel-a-barcelone\/la-vinoteca\/#primaryimage","url":"https:\/\/www.hotelpraktikvinoteca.com\/wp-content\/uploads\/sites\/20\/HOTEL-PRAKTIK-VINOTECA-BARCELONA-ENTRADA.jpg","contentUrl":"https:\/\/www.hotelpraktikvinoteca.com\/wp-content\/uploads\/sites\/20\/HOTEL-PRAKTIK-VINOTECA-BARCELONA-ENTRADA.jpg","width":540,"height":540,"caption":"HOTEL-PRAKTIK-VINOTECA-BARCELONA-ENTRADA"},{"@type":"BreadcrumbList","@id":"https:\/\/www.hotelpraktikvinoteca.com\/fr\/hotel-a-barcelone\/la-vinoteca\/#breadcrumb","itemListElement":[{"@type":"ListItem","position":1,"name":"Portada","item":"https:\/\/www.hotelpraktikvinoteca.com\/fr\/"},{"@type":"ListItem","position":2,"name":"Hotel a Barcelone","item":"https:\/\/www.hotelpraktikvinoteca.com\/fr\/"},{"@type":"ListItem","position":3,"name":"La Vinoteca"}]},{"@type":"WebSite","@id":"\/#website","url":"\/","name":"Hotel Praktik Vinoteca","description":"Un hotel con sabor a vino","publisher":{"@id":"\/#organization"},"potentialAction":[{"@type":"SearchAction","target":{"@type":"EntryPoint","urlTemplate":"\/?s={search_term_string}"},"query-input":"required name=search_term_string"}],"inLanguage":"fr-FR"},{"@type":"Organization","@id":"\/#organization","name":"Hotel Praktik Vinoteca","url":"\/","logo":{"@type":"ImageObject","inLanguage":"fr-FR","@id":"\/#\/schema\/logo\/image\/","url":"https:\/\/www.hotelpraktikvinoteca.com\/wp-content\/uploads\/sites\/20\/2022\/11\/praktik-vinoteca-habitacion01.jpg","contentUrl":"https:\/\/www.hotelpraktikvinoteca.com\/wp-content\/uploads\/sites\/20\/2022\/11\/praktik-vinoteca-habitacion01.jpg","width":960,"height":635,"caption":"Hotel Praktik Vinoteca"},"image":{"@id":"\/#\/schema\/logo\/image\/"},"sameAs":["https:\/\/www.facebook.com\/praktikhotels\/","https:\/\/x.com\/praktikhotels","https:\/\/www.instagram.com\/praktikhotels\/"]},{"@type":"Person","@id":"\/#\/schema\/person\/61e004cfc07e8b9ece2c609d802040a8","name":"rafael","image":{"@type":"ImageObject","inLanguage":"fr-FR","@id":"\/#\/schema\/person\/image\/","url":"https:\/\/secure.gravatar.com\/avatar\/cb4edff202b9612138e69e647bfe79b3?s=96&d=mm&r=g","contentUrl":"https:\/\/secure.gravatar.com\/avatar\/cb4edff202b9612138e69e647bfe79b3?s=96&d=mm&r=g","caption":"rafael"}}]}},"_links":{"self":[{"href":"https:\/\/www.hotelpraktikvinoteca.com\/fr\/wp-json\/wp\/v2\/pages\/13642"}],"collection":[{"href":"https:\/\/www.hotelpraktikvinoteca.com\/fr\/wp-json\/wp\/v2\/pages"}],"about":[{"href":"https:\/\/www.hotelpraktikvinoteca.com\/fr\/wp-json\/wp\/v2\/types\/page"}],"author":[{"embeddable":true,"href":"https:\/\/www.hotelpraktikvinoteca.com\/fr\/wp-json\/wp\/v2\/users\/8"}],"replies":[{"embeddable":true,"href":"https:\/\/www.hotelpraktikvinoteca.com\/fr\/wp-json\/wp\/v2\/comments?post=13642"}],"version-history":[{"count":21,"href":"https:\/\/www.hotelpraktikvinoteca.com\/fr\/wp-json\/wp\/v2\/pages\/13642\/revisions"}],"predecessor-version":[{"id":14246,"href":"https:\/\/www.hotelpraktikvinoteca.com\/fr\/wp-json\/wp\/v2\/pages\/13642\/revisions\/14246"}],"up":[{"embeddable":true,"href":"https:\/\/www.hotelpraktikvinoteca.com\/fr\/wp-json\/wp\/v2\/pages\/7574"}],"wp:featuredmedia":[{"embeddable":true,"href":"https:\/\/www.hotelpraktikvinoteca.com\/fr\/wp-json\/wp\/v2\/media\/11564"}],"wp:attachment":[{"href":"https:\/\/www.hotelpraktikvinoteca.com\/fr\/wp-json\/wp\/v2\/media?parent=13642"}],"curies":[{"name":"wp","href":"https:\/\/api.w.org\/{rel}","templated":true}]}}